{"id":2736,"date":"2021-10-27T17:53:04","date_gmt":"2021-10-27T17:53:04","guid":{"rendered":"https:\/\/worldskills.ro\/atlasul-profesiilor-competentelor-inverzire-urbana\/?page_id=2736"},"modified":"2021-11-10T12:28:48","modified_gmt":"2021-11-10T12:28:48","slug":"eveniment","status":"publish","type":"page","link":"https:\/\/worldskills.ro\/atlasul-profesiilor-competentelor-inverzire-urbana\/eveniment\/","title":{"rendered":"Eveniment"},"content":{"rendered":"<p><section id=\"bt_bb_section69e3632caf6bb\" class=\"bt_bb_section bt_bb_layout_wide bt_bb_vertical_align_top bt_bb_top_spacing_100\"  data-bt-override-class=\"null\"><div class=\"bt_bb_background_image_holder_wrapper\"><div class=\"bt_bb_background_image_holder btLazyLoadBackground\"  data-background_image_src=\"https:\/\/worldskills.ro\/atlasul-profesiilor-competentelor-inverzire-urbana\/wp-content\/uploads\/2021\/10\/report-bg.jpg\" data-parallax-zoom-start=\"1\" data-parallax-zoom-end=\"1\" data-parallax-blur-start=\"0\" data-parallax-blur-end=\"0\" data-parallax-opacity-start=\"1\" data-parallax-opacity-end=\"1\" style=\" background-image: url(&#039;https:\/\/worldskills.ro\/atlasul-profesiilor-competentelor-inverzire-urbana\/wp-content\/plugins\/bold-page-builder\/img\/blank.gif&#039;);\"><\/div><\/div><div class=\"bt_bb_port\"><div class=\"bt_bb_cell\"><div class=\"bt_bb_cell_inner\"><div class=\"bt_bb_row \"  data-bt-override-class=\"{}\"><div class=\"bt_bb_row_holder\" ><div  class=\"bt_bb_column col-xxl-12 col-xl-12 col-xs-12 col-sm-12 col-md-12 col-lg-12 bt_bb_vertical_align_top bt_bb_align_left bt_bb_padding_normal\" style=\"; --column-width:12;\" data-width=\"12\" data-bt-override-class=\"{}\"><div class=\"bt_bb_column_content\"><div class=\"bt_bb_column_content_inner\"><div class=\"bt_bb_separator bt_bb_border_style_none bt_bb_top_spacing_15 bt_bb_bottom_spacing_15\" data-bt-override-class=\"null\"><\/div><div  class=\"bt_bb_text\" ><\/p>\n<p><img decoding=\"async\" loading=\"lazy\" class=\"size-full wp-image-142 aligncenter\" src=\"https:\/\/worldskills.ro\/atlasul-profesiilor-competentelor-inverzire-urbana\/wp-content\/uploads\/2021\/10\/hero-logo.png\" alt=\"\" width=\"365\" height=\"267\" srcset=\"https:\/\/worldskills.ro\/atlasul-profesiilor-competentelor-inverzire-urbana\/wp-content\/uploads\/2021\/10\/hero-logo.png 365w, https:\/\/worldskills.ro\/atlasul-profesiilor-competentelor-inverzire-urbana\/wp-content\/uploads\/2021\/10\/hero-logo-320x234.png 320w\" sizes=\"(max-width: 365px) 100vw, 365px\" \/><\/p>\n<p>\n<\/div><div class=\"bt_bb_separator bt_bb_border_style_none bt_bb_top_spacing_20 bt_bb_bottom_spacing_30\" data-bt-override-class=\"null\"><\/div><div  class=\"bt_bb_text\" ><\/p>\n<div class=\"main-title-page\">Eveniment<\/div>\n<p>\n<\/div><div class=\"bt_bb_separator bt_bb_border_style_none bt_bb_top_spacing_40 bt_bb_bottom_spacing_30\" data-bt-override-class=\"null\"><\/div><div  class=\"bt_bb_text bt_bb_hidden_xs bt_bb_hidden_ms\" ><\/p>\n<div class=\"butoane\" style=\"width: 446px;\"><a class=\"download-raport\" href=\"https:\/\/worldskills.ro\/atlasul-profesiilor-competentelor-inverzire-urbana\/Agenda-RO.pdf\" target=\"_blank\" rel=\"noopener\"> | Agenda<\/a><a class=\"inscriete\" href=\"https:\/\/docs.google.com\/forms\/d\/e\/1FAIpQLSf6hFsMkqvVJ0f6AIjs6bHPAFOEgmgho6eJAaIYurMFFyZFwA\/viewform\" target=\"_blank\" rel=\"noopener\"> | \u00censcrie-te la eveniment<\/a><\/div>\n<p>\n<\/div><div  class=\"bt_bb_text bt_bb_hidden_sm bt_bb_hidden_md bt_bb_hidden_lg\" ><\/p>\n<div class=\"amobil\"><a class=\"download-raport\" href=\"https:\/\/worldskills.ro\/atlasul-profesiilor-competentelor-inverzire-urbana\/Agenda-RO.pdf\" target=\"_blank\" rel=\"noopener\"> | Agenda<\/a><\/div>\n<div class=\"imobil\"><a class=\"inscriete\" href=\"https:\/\/docs.google.com\/forms\/d\/e\/1FAIpQLSf6hFsMkqvVJ0f6AIjs6bHPAFOEgmgho6eJAaIYurMFFyZFwA\/viewform\" target=\"_blank\" rel=\"noopener\"> | \u00censcrie-te la eveniment<\/a><\/div>\n<p>\n<\/div><div class=\"bt_bb_separator bt_bb_border_style_none bt_bb_top_spacing_25 bt_bb_bottom_spacing_25\" data-bt-override-class=\"null\"><\/div><div  class=\"bt_bb_text\" ><\/p>\n<p><img decoding=\"async\" loading=\"lazy\" class=\"size-medium wp-image-137 aligncenter\" src=\"https:\/\/worldskills.ro\/atlasul-profesiilor-competentelor-inverzire-urbana\/wp-content\/uploads\/2021\/10\/hero-people-640x98.png\" alt=\"\" width=\"640\" height=\"98\" srcset=\"https:\/\/worldskills.ro\/atlasul-profesiilor-competentelor-inverzire-urbana\/wp-content\/uploads\/2021\/10\/hero-people-640x98.png 640w, https:\/\/worldskills.ro\/atlasul-profesiilor-competentelor-inverzire-urbana\/wp-content\/uploads\/2021\/10\/hero-people-768x117.png 768w, https:\/\/worldskills.ro\/atlasul-profesiilor-competentelor-inverzire-urbana\/wp-content\/uploads\/2021\/10\/hero-people-320x49.png 320w, https:\/\/worldskills.ro\/atlasul-profesiilor-competentelor-inverzire-urbana\/wp-content\/uploads\/2021\/10\/hero-people.png 890w\" sizes=\"(max-width: 640px) 100vw, 640px\" \/><\/p>\n<p>\n<\/div><\/div><\/div><\/div><\/div><\/div><\/div><!-- cell_inner --><\/div><!-- cell --><\/div><!-- port --><\/section><section id=\"bt_bb_section69e3632caff09\" class=\"bt_bb_section bt_bb_layout_boxed_1200 bt_bb_vertical_align_top bt_bb_top_spacing_30 bt_bb_bottom_spacing_30\"  data-bt-override-class=\"null\"><div class=\"bt_bb_port\"><div class=\"bt_bb_cell\"><div class=\"bt_bb_cell_inner\"><div class=\"bt_bb_row \"  data-bt-override-class=\"{}\"><div class=\"bt_bb_row_holder\" ><div  class=\"bt_bb_column col-xxl-12 col-xl-12 col-xs-12 col-sm-12 col-md-12 col-lg-12 bt_bb_vertical_align_top bt_bb_align_left bt_bb_padding_normal\" style=\"; --column-width:12;\" data-width=\"12\" data-bt-override-class=\"{}\"><div class=\"bt_bb_column_content\"><div class=\"bt_bb_column_content_inner\"><div  class=\"bt_bb_text\" ><\/p>\n<div class=\"titlu-sectiune\">Despre Eveniment<\/div>\n<hr \/>\n<p>\n<\/div><div class=\"bt_bb_separator bt_bb_border_style_none bt_bb_top_spacing_5 bt_bb_bottom_spacing_5\" data-bt-override-class=\"null\"><\/div><div  class=\"bt_bb_text\" ><\/p>\n<div class=\"paragraf-principal\">Scopul conferin\u021bei interna\u021bionale de lansare a raportului de cercetare \u201eAtlasul profesiilor \u0219i competen\u021belor \u00een domeniul \u00eenverzirii urbane\u201d este de a aduce \u00een dezbatere necesitatea form\u0103rii profesionale \u00een domeniul \u00eenverzirii urbane pentru a sus\u021bine dezvoltarea acestui domeniu.<\/div>\n<div class=\"paragraf\">\n<p>Urm\u0103rim ca, \u00een cadrul acestei conferin\u021be, s\u0103 aducem \u00eempreun\u0103 pe cei care pot sprijini dezvoltarea domeniului de \u00eenverzire urban\u0103 \u00een Rom\u00e2nia, de la reprezentan\u021bi ai autorit\u0103\u021bilor publice centrale \u0219i locale, ai asocia\u021biilor profesionale \u00een domeniu, ai institu\u021biilor de \u00eenv\u0103\u021b\u0103m\u00e2nt p\u00e2n\u0103 la exper\u021bi interna\u021bionali care sus\u021bin dezvoltarea acestui domeniu.<\/p>\n<p>\u00cen cadrul evenimentului vom vorbi despre importan\u021ba \u00eenverzirii urbane, necesitatea unei form\u0103ri de calitate a profesioni\u0219tilor implica\u021bi \u00een acest domeniu \u0219i a colabor\u0103rii \u00eentre p\u0103r\u021bile interesate. Vom face acest lucru \u00een contextul lans\u0103rii raportului de cercetare \u201eAtlasul profesiilor \u0219i competen\u021belor \u00een domeniul \u00eenverzirii urbane\u201d.<\/p>\n<p>Evenimentul se adreseaz\u0103 profesioni\u0219tilor \u00een domenii care sprijin\u0103 \u00eenverzirea urban\u0103 (peisagi\u0219ti, arhitec\u021bi, urbani\u0219ti, speciali\u0219ti \u00een horticultur\u0103, arboricultori, speciali\u0219ti \u00een domeniul construc\u021biilor, etc.), furnizorilor de formare profesional\u0103 sau a celor care doresc s\u0103 dezvolte programe de formare \u00een aceste arii, reprezentan\u021bilor autorit\u0103\u021bilor locale, altor persoane interesate de acest subiect.<\/p>\n<\/div>\n<p>\n<\/div><div class=\"bt_bb_separator bt_bb_border_style_none bt_bb_top_spacing_5 bt_bb_bottom_spacing_5\" data-bt-override-class=\"null\"><\/div><div  class=\"bt_bb_text\" ><\/div><div class=\"bt_bb_separator bt_bb_border_style_none bt_bb_top_spacing_5 bt_bb_bottom_spacing_5\" data-bt-override-class=\"null\"><\/div><div  class=\"bt_bb_text\" ><\/p>\n<div class=\"titlu-sectiune\">Agenda<\/div>\n<hr \/>\n<p>\n<\/div><div class=\"bt_bb_separator bt_bb_border_style_none bt_bb_top_spacing_5 bt_bb_bottom_spacing_5\" data-bt-override-class=\"null\"><\/div><div  class=\"bt_bb_text\" ><\/p>\n<div class=\"paragraf\">Vizualiza\u021bi agenda <a href=\"https:\/\/worldskills.ro\/atlasul-profesiilor-competentelor-inverzire-urbana\/Agenda-RO.pdf\" target=\"_blank\" rel=\"noopener\">AICI<\/a>.<\/div>\n<p>\n<\/div><div class=\"bt_bb_separator bt_bb_border_style_none bt_bb_top_spacing_5 bt_bb_bottom_spacing_5\" data-bt-override-class=\"null\"><\/div><\/div><\/div><\/div><\/div><\/div><\/div><!-- cell_inner --><\/div><!-- cell --><\/div><!-- port --><\/section><section id=\"bt_bb_section69e3632cb0951\" class=\"bt_bb_section bt_bb_layout_boxed_1200 bt_bb_vertical_align_top bt_bb_top_spacing_30 bt_bb_bottom_spacing_30 bt_bb_hidden_xs bt_bb_hidden_ms bt_bb_hidden_sm bt_bb_hidden_md bt_bb_hidden_lg\"  data-bt-override-class=\"null\"><div class=\"bt_bb_port\"><div class=\"bt_bb_cell\"><div class=\"bt_bb_cell_inner\"><div class=\"bt_bb_row \"  data-bt-override-class=\"{}\"><div class=\"bt_bb_row_holder\" ><div  class=\"bt_bb_column col-xxl-12 col-xl-12 col-xs-12 col-sm-12 col-md-12 col-lg-12 bt_bb_vertical_align_top bt_bb_align_left bt_bb_padding_normal\" style=\"; --column-width:12;\" data-width=\"12\" data-bt-override-class=\"{}\"><div class=\"bt_bb_column_content\"><div class=\"bt_bb_column_content_inner\"><div class=\"bt_bb_separator bt_bb_border_style_none bt_bb_top_spacing_5 bt_bb_bottom_spacing_5\" data-bt-override-class=\"null\"><\/div><div  class=\"bt_bb_text\" ><\/p>\n<div class=\"titlu-sectiune\">Agenda<\/div>\n<hr \/>\n<p>\n<\/div><div class=\"bt_bb_separator bt_bb_border_style_none bt_bb_top_spacing_5 bt_bb_bottom_spacing_5\" data-bt-override-class=\"null\"><\/div><div  class=\"bt_bb_text\" ><\/p>\n<div class=\"hours\">10:00 &#8211; 10:15<\/div>\n<div class=\"talkdescription\">Deschiderea evenimentului.<br \/>\nFormare profesional\u0103 \u00een domeniul \u00eenverzirii urbane \u00een acord cu obiectivele Strategiei Na\u021bionale pentru Dezvoltarea Durabil\u0103 a Rom\u00e2niei 2030<\/div>\n<div class=\"vorbitor\">Vorbitor<\/div>\n<div class=\"vorbitorname\"><span class=\"rosu\">L\u00e1szl\u00f3 Borb\u00e9ly<\/span>, Consilier de Stat, Coordonatorul Departamentului pentru Dezvoltare Durabil\u0103<\/div>\n<p>\n<\/div><div class=\"bt_bb_separator bt_bb_border_style_none bt_bb_top_spacing_5 bt_bb_bottom_spacing_5\" data-bt-override-class=\"null\"><\/div><div  class=\"bt_bb_text\" ><\/p>\n<div class=\"hours\">10:15 &#8211; 10:25<\/div>\n<div class=\"talkdescription\">Profesii \u0219i competen\u021be pentru dezvoltare durabil\u0103, \u00een particular pentru \u00eenverzire urban\u0103. Perspective \u00een context interna\u021bional<\/div>\n<div class=\"vorbitor\">Vorbitor<\/div>\n<div class=\"vorbitorname\"><span class=\"rosu\">Raluca Turcan<\/span>, Ministrul Muncii \u0219i Protec\u021biei Sociale (TBC)<\/div>\n<p>\n<\/div><div class=\"bt_bb_separator bt_bb_border_style_none bt_bb_top_spacing_5 bt_bb_bottom_spacing_5\" data-bt-override-class=\"null\"><\/div><div  class=\"bt_bb_text\" ><\/p>\n<div class=\"hours\">10:25 &#8211; 10:35<\/div>\n<div class=\"talkdescription\">\u00cenverzirea urban\u0103 \u00een contextul dezvolt\u0103rii urbane. Perspective, provoc\u0103ri \u0219i solu\u021bii<\/div>\n<div class=\"vorbitor\">Vorbitor<\/div>\n<div class=\"vorbitorname\"><span class=\"rosu\">Cseke Attila<\/span>, Ministrul Dezvolt\u0103rii, Lucr\u0103rilor Publice \u0219i Administra\u021biei (TBC)<\/div>\n<p>\n<\/div><div class=\"bt_bb_separator bt_bb_border_style_none bt_bb_top_spacing_5 bt_bb_bottom_spacing_5\" data-bt-override-class=\"null\"><\/div><div  class=\"bt_bb_text\" ><\/p>\n<div class=\"hours\">10:35 &#8211; 10:45<\/div>\n<div class=\"talkdescription\">\u00cenverzirea urban\u0103 \u00een Olanda<\/div>\n<div class=\"vorbitor\">Vorbitor<\/div>\n<div class=\"vorbitorname\"><span class=\"rosu\">ES Roelof Van Ees<\/span>, Ambasadorul Regatului \u0162\u0103rilor de Jos \u00een Rom\u00e2nia (TBC)<\/div>\n<p>\n<\/div><div class=\"bt_bb_separator bt_bb_border_style_none bt_bb_top_spacing_5 bt_bb_bottom_spacing_5\" data-bt-override-class=\"null\"><\/div><div  class=\"bt_bb_text\" ><\/p>\n<div class=\"hours\">10:45 &#8211; 11:25<\/div>\n<div class=\"talkdescription\">Panel pe tema<br \/>\n\u201dPerspective de dezvoltare \u00een domeniul \u00eenverzirii urbane. Oportunit\u0103\u021bi, provoc\u0103ri, solu\u021bii\u201d<\/div>\n<div class=\"vorbitor\">Moderator<\/div>\n<div class=\"vorbitorname\"><span class=\"rosu\">Cornel Bertea Hanganu<\/span>, Consilier Departamentul pentru Dezvoltare Durabil\u0103<\/div>\n<div class=\"observatii\">Invita\u021bi<\/div>\n<div class=\"vorbitorname\"><span class=\"rosu\">Emil Boc<\/span>, Pre\u0219edinte al Asocia\u021biei Municipiilor din Rom\u00e2nia (TBC)<\/div>\n<div class=\"vorbitorname\"><span class=\"rosu\">Conf. univ. dr. Simona Munteanu<\/span>, Pre\u0219edinte al Asocia\u021biei Profesionale a Urbani\u0219tilor din Rom\u00e2nia<\/div>\n<div class=\"vorbitorname\"><span class=\"rosu\">Diana Culescu<\/span>, Pre\u0219edinte al Asocia\u021biei Peisagi\u0219tilor din Rom\u00e2nia<\/div>\n<div class=\"vorbitorname\"><span class=\"rosu\">Emil Iv\u0103nescu<\/span>, Pre\u0219edinte Filiala Teritorial[ Bucure\u0219ti a Ordinului Arhitec\u021bilor din Rom\u00e2nia<\/div>\n<div class=\"vorbitorname\"><span class=\"rosu\">Dorin Beu<\/span>, Pre\u0219edinte Filiala Transilvania a Romanian Green Building Council<\/div>\n<p>\n<\/div><div class=\"bt_bb_separator bt_bb_border_style_none bt_bb_top_spacing_5 bt_bb_bottom_spacing_5\" data-bt-override-class=\"null\"><\/div><div  class=\"bt_bb_text\" ><\/p>\n<div class=\"hours\">11:25 &#8211; 11:35<\/div>\n<div class=\"talkdescription\">Raport de cercetare<br \/>\n\u201dAtlasul profesiilor \u0219i competen\u021belor \u00een domeniul \u00eenverzirii urbane\u201d<\/div>\n<div class=\"vorbitor\">Vorbitor<\/div>\n<div class=\"vorbitorname\"><span class=\"rosu\">Aurel Brudan<\/span>, CEO The KPI Institute<\/div>\n<p>\n<\/div><div class=\"bt_bb_separator bt_bb_border_style_none bt_bb_top_spacing_5 bt_bb_bottom_spacing_5\" data-bt-override-class=\"null\"><\/div><div  class=\"bt_bb_text\" ><\/p>\n<div class=\"hours\">11:35 &#8211; 12:15<\/div>\n<div class=\"talkdescription\">Panel invita\u021bi interna\u021bionali pe tema<br \/>\n\u201dDe ce este at\u00e2t de important\u0103 dezvoltarea profesional\u0103 \u00een domeniul \u00eenverzirii urbane?\u201d<\/div>\n<div class=\"vorbitor\">Moderator<\/div>\n<div class=\"vorbitorname\"><span class=\"rosu\">Aurel Brudan<\/span>, CEO The KPI Institute<\/div>\n<div class=\"observatii\">Invita\u021bi<\/div>\n<div class=\"vorbitorname\"><span class=\"rosu\">Stelina Chatzichristou<\/span>, Expert CEDEFOP<\/div>\n<div class=\"vorbitorname\"><span class=\"rosu\">Pavel Luksha<\/span>, Director la Global Education Futures, co-fondator al Global Change Leaders<\/div>\n<div class=\"vorbitorname\"><span class=\"rosu\">Ekaterina Loshkareva<\/span>, Board Member Strategic Development \u2013 WorldSkills International<\/div>\n<div class=\"vorbitorname\"><span class=\"rosu\">Henrik Bos<\/span>, Pre\u0219edinte al European Landscape Contractors Association (ELCA)<\/div>\n<p>\n<\/div><div class=\"bt_bb_separator bt_bb_border_style_none bt_bb_top_spacing_5 bt_bb_bottom_spacing_5\" data-bt-override-class=\"null\"><\/div><div  class=\"bt_bb_text\" ><\/p>\n<div class=\"hours\">12:15 &#8211; 12:55<\/div>\n<div class=\"talkdescription\">Panel pe tema<br \/>\n\u201dFormare profesional\u0103 pentru dezvoltarea domeniului de \u00eenverzire urban\u0103\u201d<\/div>\n<div class=\"vorbitor\">Moderator<\/div>\n<div class=\"vorbitorname\"><span class=\"rosu\">Florentina Nanu<\/span>, Director executiv Centrul de Excelen\u021b\u0103 pentru Resurse Educa\u021bionale Agro-Alimentare \u0219i Dezvoltare Durabil\u0103<\/div>\n<div class=\"observatii\">Invita\u021bi<\/div>\n<div class=\"vorbitorname\"><span class=\"rosu\">Prof.univ.dr. Adrian Constantin As\u0103nic\u0103<\/span>, Decan al Facult\u0103\u021bii de Horticultur\u0103 din cadrul Universit\u0103\u021bii de \u0218tiin\u021be Agronomice \u0219i Medicin\u0103 Veterinar\u0103 din Bucure\u0219ti<\/div>\n<div class=\"vorbitorname\"><span class=\"rosu\">Conf. dr. arh. Claudiu Runceanu<\/span>, Decan al Facult\u0103\u021bii de Urbanism din cadrul Universit\u0103\u021bii de Arhitectur\u0103 \u0219i Urbanism \u201dIon Mincu\u201d din Bucure\u0219ti<\/div>\n<div class=\"vorbitorname\"><span class=\"rosu\">Conf. univ. dr. ing. Mihail Iancovici<\/span>, Decan al Facult\u0103\u021bii de Construc\u021bii Civile, Industriale \u0219i Agricole din cadrul Universit\u0103\u021bii Tehnice de Construc\u021bii Bucure\u0219ti<\/div>\n<div class=\"vorbitorname\"><span class=\"rosu\">Jan Jeronimus<\/span>, Coordonatorul proiectului European Platform for Urban Greening, Programme Manager Internationalization la Yuverta College Olanda<\/div>\n<div class=\"vorbitorname\"><span class=\"rosu\">Prof. Marinela Culea<\/span>, Director al Liceului Tehnologic Cezar Nicolau Br\u0103ne\u0219ti<\/div>\n<p>\n<\/div><div class=\"bt_bb_separator bt_bb_border_style_none bt_bb_top_spacing_5 bt_bb_bottom_spacing_5\" data-bt-override-class=\"null\"><\/div><div  class=\"bt_bb_text\" ><\/p>\n<div class=\"hours\">12:55 &#8211; 13:00<\/div>\n<div class=\"talkdescription\">Concluzii<\/div>\n<div class=\"vorbitor\">Vorbitor<\/div>\n<div class=\"vorbitorname\"><span class=\"rosu\">L\u00e1szl\u00f3 Borb\u00e9ly<\/span>, Consilier de Stat, Coordonatorul Departamentului pentru Dezvoltare Durabil\u0103<\/div>\n<p>\n<\/div><\/div><\/div><\/div><\/div><\/div><\/div><!-- cell_inner --><\/div><!-- cell --><\/div><!-- port --><\/section><section id=\"bt_bb_section69e3632cb175c\" class=\"bt_bb_section bt_bb_layout_boxed_1200 bt_bb_vertical_align_top bt_bb_top_spacing_50 bt_bb_bottom_spacing_50\" style=\";background-color:rgb(245,245,245);\" data-bt-override-class=\"null\"><div class=\"bt_bb_port\"><div class=\"bt_bb_cell\"><div class=\"bt_bb_cell_inner\"><div class=\"bt_bb_row \"  data-bt-override-class=\"{}\"><div class=\"bt_bb_row_holder\" ><div  class=\"bt_bb_column col-xxl-12 col-xl-12 col-xs-12 col-sm-12 col-md-12 col-lg-12 bt_bb_vertical_align_top bt_bb_align_left bt_bb_padding_normal\" style=\"; --column-width:12;\" data-width=\"12\" data-bt-override-class=\"{}\"><div class=\"bt_bb_column_content\"><div class=\"bt_bb_column_content_inner\"><div class=\" bt_bb_row_inner\"   data-bt-override-class=\"{}\"><div class=\"bt_bb_row_inner_holder\"  ><div  class=\"bt_bb_column_inner col-xxl-12 col-xl-12 col-xs-12 col-sm-12 col-md-12 col-lg-12 bt_bb_vertical_align_top bt_bb_align_left bt_bb_padding_normal\"  data-width=\"12\" data-bt-override-class=\"{}\"><div class=\"bt_bb_column_inner_content\"><div class=\"bt_bb_column_inner_content_inner\"><div  class=\"bt_bb_text bt_bb_hidden_xs bt_bb_hidden_ms\" ><\/p>\n<div class=\"butoane\"><a class=\"download-raport\" href=\"https:\/\/worldskills.ro\/atlasul-profesiilor-competentelor-inverzire-urbana\/Report.pdf\" target=\"_blank\" rel=\"noopener\"> | Descarc\u0103 Raportul<\/a><a class=\"inscriete\" href=\"https:\/\/docs.google.com\/forms\/d\/e\/1FAIpQLSf6hFsMkqvVJ0f6AIjs6bHPAFOEgmgho6eJAaIYurMFFyZFwA\/viewform\" target=\"_blank\" rel=\"noopener\"> | \u00censcrie-te la eveniment<\/a><\/div>\n<p>\n<\/div><div  class=\"bt_bb_text bt_bb_hidden_sm bt_bb_hidden_md bt_bb_hidden_lg\" ><\/p>\n<div class=\"dmobil\"><a class=\"download-raport\" href=\"https:\/\/worldskills.ro\/atlasul-profesiilor-competentelor-inverzire-urbana\/Report.pdf\" target=\"_blank\" rel=\"noopener\"> | Descarc\u0103 Raportul<\/a><\/div>\n<div class=\"imobil\"><a class=\"inscriete\" href=\"https:\/\/docs.google.com\/forms\/d\/e\/1FAIpQLSf6hFsMkqvVJ0f6AIjs6bHPAFOEgmgho6eJAaIYurMFFyZFwA\/viewform\" target=\"_blank\" rel=\"noopener\"> | \u00censcrie-te la eveniment<\/a><\/div>\n<p>\n<\/div><\/div><\/div><\/div><\/div><\/div><\/div><\/div><\/div><\/div><\/div><\/div><!-- cell_inner --><\/div><!-- cell --><\/div><!-- port --><\/section><\/p>\n","protected":false},"excerpt":{"rendered":"","protected":false},"author":1,"featured_media":0,"parent":0,"menu_order":0,"comment_status":"closed","ping_status":"closed","template":"","meta":[],"yoast_head":"<!-- This site is optimized with the Yoast SEO plugin v21.1 - https:\/\/yoast.com\/wordpress\/plugins\/seo\/ -->\n<title>Eveniment - Atlasul profesiilor si competentelor in inverzire urbana<\/title>\n<meta name=\"robots\" content=\"index, follow, max-snippet:-1, max-image-preview:large, max-video-preview:-1\" \/>\n<link rel=\"canonical\" href=\"https:\/\/worldskills.ro\/atlasul-profesiilor-competentelor-inverzire-urbana\/eveniment\/\" \/>\n<meta property=\"og:locale\" content=\"en_US\" \/>\n<meta property=\"og:type\" content=\"article\" \/>\n<meta property=\"og:title\" content=\"Eveniment - Atlasul profesiilor si competentelor in inverzire urbana\" \/>\n<meta property=\"og:url\" content=\"https:\/\/worldskills.ro\/atlasul-profesiilor-competentelor-inverzire-urbana\/eveniment\/\" \/>\n<meta property=\"og:site_name\" content=\"Atlasul profesiilor si competentelor in inverzire urbana\" \/>\n<meta property=\"article:modified_time\" content=\"2021-11-10T12:28:48+00:00\" \/>\n<meta property=\"og:image\" content=\"https:\/\/worldskills.ro\/atlasul-profesiilor-competentelor-inverzire-urbana\/wp-content\/uploads\/2021\/10\/hero-logo.png\" \/>\n<meta name=\"twitter:card\" content=\"summary_large_image\" \/>\n<meta name=\"twitter:label1\" content=\"Est. reading time\" \/>\n\t<meta name=\"twitter:data1\" content=\"9 minutes\" \/>\n<script type=\"application\/ld+json\" class=\"yoast-schema-graph\">{\"@context\":\"https:\/\/schema.org\",\"@graph\":[{\"@type\":\"WebPage\",\"@id\":\"https:\/\/worldskills.ro\/atlasul-profesiilor-competentelor-inverzire-urbana\/eveniment\/\",\"url\":\"https:\/\/worldskills.ro\/atlasul-profesiilor-competentelor-inverzire-urbana\/eveniment\/\",\"name\":\"Eveniment - Atlasul profesiilor si competentelor in inverzire urbana\",\"isPartOf\":{\"@id\":\"https:\/\/worldskills.ro\/atlasul-profesiilor-competentelor-inverzire-urbana\/#website\"},\"datePublished\":\"2021-10-27T17:53:04+00:00\",\"dateModified\":\"2021-11-10T12:28:48+00:00\",\"breadcrumb\":{\"@id\":\"https:\/\/worldskills.ro\/atlasul-profesiilor-competentelor-inverzire-urbana\/eveniment\/#breadcrumb\"},\"inLanguage\":\"en-US\",\"potentialAction\":[{\"@type\":\"ReadAction\",\"target\":[\"https:\/\/worldskills.ro\/atlasul-profesiilor-competentelor-inverzire-urbana\/eveniment\/\"]}]},{\"@type\":\"BreadcrumbList\",\"@id\":\"https:\/\/worldskills.ro\/atlasul-profesiilor-competentelor-inverzire-urbana\/eveniment\/#breadcrumb\",\"itemListElement\":[{\"@type\":\"ListItem\",\"position\":1,\"name\":\"Home\",\"item\":\"https:\/\/worldskills.ro\/atlasul-profesiilor-competentelor-inverzire-urbana\/\"},{\"@type\":\"ListItem\",\"position\":2,\"name\":\"Eveniment\"}]},{\"@type\":\"WebSite\",\"@id\":\"https:\/\/worldskills.ro\/atlasul-profesiilor-competentelor-inverzire-urbana\/#website\",\"url\":\"https:\/\/worldskills.ro\/atlasul-profesiilor-competentelor-inverzire-urbana\/\",\"name\":\"Atlasul profesiilor si competentelor in inverzire urbana\",\"description\":\"\",\"potentialAction\":[{\"@type\":\"SearchAction\",\"target\":{\"@type\":\"EntryPoint\",\"urlTemplate\":\"https:\/\/worldskills.ro\/atlasul-profesiilor-competentelor-inverzire-urbana\/?s={search_term_string}\"},\"query-input\":\"required name=search_term_string\"}],\"inLanguage\":\"en-US\"}]}<\/script>\n<!-- \/ Yoast SEO plugin. -->","yoast_head_json":{"title":"Eveniment - Atlasul profesiilor si competentelor in inverzire urbana","robots":{"index":"index","follow":"follow","max-snippet":"max-snippet:-1","max-image-preview":"max-image-preview:large","max-video-preview":"max-video-preview:-1"},"canonical":"https:\/\/worldskills.ro\/atlasul-profesiilor-competentelor-inverzire-urbana\/eveniment\/","og_locale":"en_US","og_type":"article","og_title":"Eveniment - Atlasul profesiilor si competentelor in inverzire urbana","og_url":"https:\/\/worldskills.ro\/atlasul-profesiilor-competentelor-inverzire-urbana\/eveniment\/","og_site_name":"Atlasul profesiilor si competentelor in inverzire urbana","article_modified_time":"2021-11-10T12:28:48+00:00","og_image":[{"url":"https:\/\/worldskills.ro\/atlasul-profesiilor-competentelor-inverzire-urbana\/wp-content\/uploads\/2021\/10\/hero-logo.png"}],"twitter_card":"summary_large_image","twitter_misc":{"Est. reading time":"9 minutes"},"schema":{"@context":"https:\/\/schema.org","@graph":[{"@type":"WebPage","@id":"https:\/\/worldskills.ro\/atlasul-profesiilor-competentelor-inverzire-urbana\/eveniment\/","url":"https:\/\/worldskills.ro\/atlasul-profesiilor-competentelor-inverzire-urbana\/eveniment\/","name":"Eveniment - Atlasul profesiilor si competentelor in inverzire urbana","isPartOf":{"@id":"https:\/\/worldskills.ro\/atlasul-profesiilor-competentelor-inverzire-urbana\/#website"},"datePublished":"2021-10-27T17:53:04+00:00","dateModified":"2021-11-10T12:28:48+00:00","breadcrumb":{"@id":"https:\/\/worldskills.ro\/atlasul-profesiilor-competentelor-inverzire-urbana\/eveniment\/#breadcrumb"},"inLanguage":"en-US","potentialAction":[{"@type":"ReadAction","target":["https:\/\/worldskills.ro\/atlasul-profesiilor-competentelor-inverzire-urbana\/eveniment\/"]}]},{"@type":"BreadcrumbList","@id":"https:\/\/worldskills.ro\/atlasul-profesiilor-competentelor-inverzire-urbana\/eveniment\/#breadcrumb","itemListElement":[{"@type":"ListItem","position":1,"name":"Home","item":"https:\/\/worldskills.ro\/atlasul-profesiilor-competentelor-inverzire-urbana\/"},{"@type":"ListItem","position":2,"name":"Eveniment"}]},{"@type":"WebSite","@id":"https:\/\/worldskills.ro\/atlasul-profesiilor-competentelor-inverzire-urbana\/#website","url":"https:\/\/worldskills.ro\/atlasul-profesiilor-competentelor-inverzire-urbana\/","name":"Atlasul profesiilor si competentelor in inverzire urbana","description":"","potentialAction":[{"@type":"SearchAction","target":{"@type":"EntryPoint","urlTemplate":"https:\/\/worldskills.ro\/atlasul-profesiilor-competentelor-inverzire-urbana\/?s={search_term_string}"},"query-input":"required name=search_term_string"}],"inLanguage":"en-US"}]}},"_links":{"self":[{"href":"https:\/\/worldskills.ro\/atlasul-profesiilor-competentelor-inverzire-urbana\/wp-json\/wp\/v2\/pages\/2736"}],"collection":[{"href":"https:\/\/worldskills.ro\/atlasul-profesiilor-competentelor-inverzire-urbana\/wp-json\/wp\/v2\/pages"}],"about":[{"href":"https:\/\/worldskills.ro\/atlasul-profesiilor-competentelor-inverzire-urbana\/wp-json\/wp\/v2\/types\/page"}],"author":[{"embeddable":true,"href":"https:\/\/worldskills.ro\/atlasul-profesiilor-competentelor-inverzire-urbana\/wp-json\/wp\/v2\/users\/1"}],"replies":[{"embeddable":true,"href":"https:\/\/worldskills.ro\/atlasul-profesiilor-competentelor-inverzire-urbana\/wp-json\/wp\/v2\/comments?post=2736"}],"version-history":[{"count":35,"href":"https:\/\/worldskills.ro\/atlasul-profesiilor-competentelor-inverzire-urbana\/wp-json\/wp\/v2\/pages\/2736\/revisions"}],"predecessor-version":[{"id":2964,"href":"https:\/\/worldskills.ro\/atlasul-profesiilor-competentelor-inverzire-urbana\/wp-json\/wp\/v2\/pages\/2736\/revisions\/2964"}],"wp:attachment":[{"href":"https:\/\/worldskills.ro\/atlasul-profesiilor-competentelor-inverzire-urbana\/wp-json\/wp\/v2\/media?parent=2736"}],"curies":[{"name":"wp","href":"https:\/\/api.w.org\/{rel}","templated":true}]}}