{"id":2738,"date":"2021-10-27T17:53:13","date_gmt":"2021-10-27T17:53:13","guid":{"rendered":"https:\/\/worldskills.ro\/atlasul-profesiilor-competentelor-inverzire-urbana\/?page_id=2738"},"modified":"2021-12-02T20:21:10","modified_gmt":"2021-12-02T20:21:10","slug":"rezultate","status":"publish","type":"page","link":"https:\/\/worldskills.ro\/atlasul-profesiilor-competentelor-inverzire-urbana\/rezultate\/","title":{"rendered":"Rezultate"},"content":{"rendered":"<p><section id=\"bt_bb_section69e37ac556f72\" class=\"bt_bb_section bt_bb_layout_wide bt_bb_vertical_align_top bt_bb_top_spacing_100\"  data-bt-override-class=\"null\"><div class=\"bt_bb_background_image_holder_wrapper\"><div class=\"bt_bb_background_image_holder btLazyLoadBackground\"  data-background_image_src=\"https:\/\/worldskills.ro\/atlasul-profesiilor-competentelor-inverzire-urbana\/wp-content\/uploads\/2021\/10\/report-bg.jpg\" data-parallax-zoom-start=\"1\" data-parallax-zoom-end=\"1\" data-parallax-blur-start=\"0\" data-parallax-blur-end=\"0\" data-parallax-opacity-start=\"1\" data-parallax-opacity-end=\"1\" style=\" background-image: url(&#039;https:\/\/worldskills.ro\/atlasul-profesiilor-competentelor-inverzire-urbana\/wp-content\/plugins\/bold-page-builder\/img\/blank.gif&#039;);\"><\/div><\/div><div class=\"bt_bb_port\"><div class=\"bt_bb_cell\"><div class=\"bt_bb_cell_inner\"><div class=\"bt_bb_row \"  data-bt-override-class=\"{}\"><div class=\"bt_bb_row_holder\" ><div  class=\"bt_bb_column col-xxl-12 col-xl-12 col-xs-12 col-sm-12 col-md-12 col-lg-12 bt_bb_vertical_align_top bt_bb_align_left bt_bb_padding_normal\" style=\"; --column-width:12;\" data-width=\"12\" data-bt-override-class=\"{}\"><div class=\"bt_bb_column_content\"><div class=\"bt_bb_column_content_inner\"><div class=\"bt_bb_separator bt_bb_border_style_none bt_bb_top_spacing_15 bt_bb_bottom_spacing_15\" data-bt-override-class=\"null\"><\/div><div  class=\"bt_bb_text\" ><\/p>\n<p><img decoding=\"async\" loading=\"lazy\" class=\"size-full wp-image-142 aligncenter\" src=\"https:\/\/worldskills.ro\/atlasul-profesiilor-competentelor-inverzire-urbana\/wp-content\/uploads\/2021\/10\/hero-logo.png\" alt=\"\" width=\"365\" height=\"267\" srcset=\"https:\/\/worldskills.ro\/atlasul-profesiilor-competentelor-inverzire-urbana\/wp-content\/uploads\/2021\/10\/hero-logo.png 365w, https:\/\/worldskills.ro\/atlasul-profesiilor-competentelor-inverzire-urbana\/wp-content\/uploads\/2021\/10\/hero-logo-320x234.png 320w\" sizes=\"(max-width: 365px) 100vw, 365px\" \/><\/p>\n<p>\n<\/div><div class=\"bt_bb_separator bt_bb_border_style_none bt_bb_top_spacing_20 bt_bb_bottom_spacing_30\" data-bt-override-class=\"null\"><\/div><div  class=\"bt_bb_text\" ><\/p>\n<div class=\"main-title-page\">Rezultate<\/div>\n<p>\n<\/div><div class=\"bt_bb_separator bt_bb_border_style_none bt_bb_top_spacing_40 bt_bb_bottom_spacing_30\" data-bt-override-class=\"null\"><\/div><div  class=\"bt_bb_text bt_bb_hidden_xs bt_bb_hidden_ms\" ><\/p>\n<div class=\"butoane\" style=\"width: 584px;\"><a class=\"download-raport\"> | REZUMAT CONFERIN\u021a\u0102<\/a><a class=\"inscriete\"> | \u00ceNREGISTRARE CONFERIN\u021a\u0102<\/a><\/div>\n<p>\n<\/div><div  class=\"bt_bb_text bt_bb_hidden_sm bt_bb_hidden_md bt_bb_hidden_lg\" ><\/p>\n<div class=\"rezmobil\"><a class=\"download-raport\"> | REZUMAT CONFERIN\u021a\u0102<\/a><\/div>\n<div class=\"icmobil\"><a class=\"inscriete\"> | \u00ceNREGISTRARE CONFERIN\u021a\u0102<\/a><\/div>\n<p>\n<\/div><div class=\"bt_bb_separator bt_bb_border_style_none bt_bb_top_spacing_20 bt_bb_bottom_spacing_20\" data-bt-override-class=\"null\"><\/div><div  class=\"bt_bb_text\" ><\/p>\n<p><img decoding=\"async\" loading=\"lazy\" class=\"size-medium wp-image-137 aligncenter\" src=\"https:\/\/worldskills.ro\/atlasul-profesiilor-competentelor-inverzire-urbana\/wp-content\/uploads\/2021\/10\/hero-people-640x98.png\" alt=\"\" width=\"640\" height=\"98\" srcset=\"https:\/\/worldskills.ro\/atlasul-profesiilor-competentelor-inverzire-urbana\/wp-content\/uploads\/2021\/10\/hero-people-640x98.png 640w, https:\/\/worldskills.ro\/atlasul-profesiilor-competentelor-inverzire-urbana\/wp-content\/uploads\/2021\/10\/hero-people-768x117.png 768w, https:\/\/worldskills.ro\/atlasul-profesiilor-competentelor-inverzire-urbana\/wp-content\/uploads\/2021\/10\/hero-people-320x49.png 320w, https:\/\/worldskills.ro\/atlasul-profesiilor-competentelor-inverzire-urbana\/wp-content\/uploads\/2021\/10\/hero-people.png 890w\" sizes=\"(max-width: 640px) 100vw, 640px\" \/><\/p>\n<p>\n<\/div><\/div><\/div><\/div><\/div><\/div><\/div><!-- cell_inner --><\/div><!-- cell --><\/div><!-- port --><\/section><section id=\"bt_bb_section69e37ac5575e8\" class=\"bt_bb_section bt_bb_layout_boxed_1200 bt_bb_vertical_align_top bt_bb_top_spacing_30 bt_bb_bottom_spacing_30\"  data-bt-override-class=\"null\"><div class=\"bt_bb_port\"><div class=\"bt_bb_cell\"><div class=\"bt_bb_cell_inner\"><div class=\"bt_bb_row \"  data-bt-override-class=\"{}\"><div class=\"bt_bb_row_holder\" ><div  class=\"bt_bb_column col-xxl-12 col-xl-12 col-xs-12 col-sm-12 col-md-12 col-lg-12 bt_bb_vertical_align_top bt_bb_align_left bt_bb_padding_normal\" style=\"; --column-width:12;\" data-width=\"12\" data-bt-override-class=\"{}\"><div class=\"bt_bb_column_content\"><div class=\"bt_bb_column_content_inner\"><div  class=\"bt_bb_text\" ><\/p>\n<div class=\"titlu-sectiune\">Rezultate<\/div>\n<hr \/>\n<p>\n<\/div><div class=\"bt_bb_separator bt_bb_border_style_none bt_bb_top_spacing_5 bt_bb_bottom_spacing_5\" data-bt-override-class=\"null\"><\/div><div  class=\"bt_bb_text\" ><\/p>\n<div class=\"paragraf\">\n<p><strong>Realizarea unui raport de cercetare privind situa\u021bia actual\u0103 a domeniului \u00eenverzirii urbane, calific\u0103rilor \u0219i competen\u021belor \u00een acest domeniu (\u201eAtlasul profesiilor \u0219i competen\u021belor \u00een domeniul \u00eenverzirii urbane\u201d), <\/strong>care a inclus:<\/p>\n<ul>\n<li style=\"list-style-type: none;\">\n<ul>\n<li>17 documente analizate<\/li>\n<li>8 interviuri cu reprezentan\u021bi ai unor asocia\u021bii profesionale relevante pentru \u00eenverzirea urban\u0103<\/li>\n<\/ul>\n<\/li>\n<\/ul>\n<p><strong>Conferin\u021ba interna\u021bional\u0103 de lansare a raportului de cercetare<\/strong> \u201e<strong>Atlasul Profesiilor \u0219i competen\u021belor \u00een domeniul \u00eenverzirii urbane\u201d<\/strong>:<\/p>\n<ul>\n<li style=\"list-style-type: none;\">\n<ul>\n<li>16 exper\u021bi rom\u00e2ni \u0219i 6 exper\u021bi str\u0103ini care au participat \u00een calitate de vorbitori sau moderatori<\/li>\n<li>125 rom\u00e2ni \u0219i 19 str\u0103ini care \u0219i-au ar\u0103tat interesul pentru participarea la conferin\u021b\u0103<\/li>\n<li>1300 vizualiz\u0103ri ale conferin\u021bei<\/li>\n<\/ul>\n<\/li>\n<\/ul>\n<p><strong>20 institu\u021bii relevante (22 persoane)<\/strong> <strong>care \u0219i-au exprimat interesul \u0219i dorin\u021ba de implicare<\/strong> pentru a contribui \u00een viitor la dezvoltarea domeniului \u00eenverzirii urbane, \u00een mod special a calific\u0103rilor \u0219i competen\u021belor relevante<\/p>\n<p>Peste <strong>2200 de reac\u021bii la comunic\u0103rile \u00een social media <\/strong>legate de raportul de cercetare \u0219i de conferin\u021ba de lansare a acestuia<\/p>\n<\/div>\n<p>\n<\/div><\/div><\/div><\/div><\/div><\/div><\/div><!-- cell_inner --><\/div><!-- cell --><\/div><!-- port --><\/section><section id=\"bt_bb_section69e37ac5579bc\" class=\"bt_bb_section bt_bb_layout_boxed_1200 bt_bb_vertical_align_top bt_bb_top_spacing_50 bt_bb_bottom_spacing_50\" style=\";background-color:rgb(245,245,245);\" data-bt-override-class=\"null\"><div class=\"bt_bb_port\"><div class=\"bt_bb_cell\"><div class=\"bt_bb_cell_inner\"><div class=\"bt_bb_row \"  data-bt-override-class=\"{}\"><div class=\"bt_bb_row_holder\" ><div  class=\"bt_bb_column col-xxl-12 col-xl-12 col-xs-12 col-sm-12 col-md-12 col-lg-12 bt_bb_vertical_align_top bt_bb_align_left bt_bb_padding_normal\" style=\"; --column-width:12;\" data-width=\"12\" data-bt-override-class=\"{}\"><div class=\"bt_bb_column_content\"><div class=\"bt_bb_column_content_inner\"><div class=\" bt_bb_row_inner\"   data-bt-override-class=\"{}\"><div class=\"bt_bb_row_inner_holder\"  ><div  class=\"bt_bb_column_inner col-xxl-12 col-xl-12 col-xs-12 col-sm-12 col-md-12 col-lg-12 bt_bb_vertical_align_top bt_bb_align_left bt_bb_padding_normal\"  data-width=\"12\" data-bt-override-class=\"{}\"><div class=\"bt_bb_column_inner_content\"><div class=\"bt_bb_column_inner_content_inner\"><div  class=\"bt_bb_text bt_bb_hidden_xs bt_bb_hidden_ms\" ><\/p>\n<div class=\"butoane\"><a class=\"download-raport\" href=\"https:\/\/worldskills.ro\/atlasul-profesiilor-competentelor-inverzire-urbana\/Report.pdf\" target=\"_blank\" rel=\"noopener\"> | Descarc\u0103 Raportul<\/a><a class=\"inscriete\" href=\"https:\/\/docs.google.com\/forms\/d\/e\/1FAIpQLSf6hFsMkqvVJ0f6AIjs6bHPAFOEgmgho6eJAaIYurMFFyZFwA\/viewform\"> | \u00censcrie-te la eveniment<\/a><\/div>\n<p>\n<\/div><div  class=\"bt_bb_text bt_bb_hidden_sm bt_bb_hidden_md bt_bb_hidden_lg\" ><\/p>\n<div class=\"dmobil\"><a class=\"download-raport\" href=\"https:\/\/worldskills.ro\/atlasul-profesiilor-competentelor-inverzire-urbana\/Report.pdf\" target=\"_blank\" rel=\"noopener\"> | Descarc\u0103 Raportul<\/a><\/div>\n<div class=\"imobil\"><a class=\"inscriete\" href=\"https:\/\/docs.google.com\/forms\/d\/e\/1FAIpQLSf6hFsMkqvVJ0f6AIjs6bHPAFOEgmgho6eJAaIYurMFFyZFwA\/viewform\" target=\"_blank\" rel=\"noopener\"> | \u00censcrie-te la eveniment<\/a><\/div>\n<p>\n<\/div><\/div><\/div><\/div><\/div><\/div><\/div><\/div><\/div><\/div><\/div><\/div><!-- cell_inner --><\/div><!-- cell --><\/div><!-- port --><\/section><\/p>\n","protected":false},"excerpt":{"rendered":"","protected":false},"author":1,"featured_media":0,"parent":0,"menu_order":0,"comment_status":"closed","ping_status":"closed","template":"","meta":[],"yoast_head":"<!-- This site is optimized with the Yoast SEO plugin v21.1 - https:\/\/yoast.com\/wordpress\/plugins\/seo\/ -->\n<title>Rezultate - Atlasul profesiilor si competentelor in inverzire urbana<\/title>\n<meta name=\"robots\" content=\"index, follow, max-snippet:-1, max-image-preview:large, max-video-preview:-1\" \/>\n<link rel=\"canonical\" href=\"https:\/\/worldskills.ro\/atlasul-profesiilor-competentelor-inverzire-urbana\/rezultate\/\" \/>\n<meta property=\"og:locale\" content=\"en_US\" \/>\n<meta property=\"og:type\" content=\"article\" \/>\n<meta property=\"og:title\" content=\"Rezultate - Atlasul profesiilor si competentelor in inverzire urbana\" \/>\n<meta property=\"og:url\" content=\"https:\/\/worldskills.ro\/atlasul-profesiilor-competentelor-inverzire-urbana\/rezultate\/\" \/>\n<meta property=\"og:site_name\" content=\"Atlasul profesiilor si competentelor in inverzire urbana\" \/>\n<meta property=\"article:modified_time\" content=\"2021-12-02T20:21:10+00:00\" \/>\n<meta property=\"og:image\" content=\"https:\/\/worldskills.ro\/atlasul-profesiilor-competentelor-inverzire-urbana\/wp-content\/uploads\/2021\/10\/hero-logo.png\" \/>\n<meta name=\"twitter:card\" content=\"summary_large_image\" \/>\n<meta name=\"twitter:label1\" content=\"Est. reading time\" \/>\n\t<meta name=\"twitter:data1\" content=\"4 minutes\" \/>\n<script type=\"application\/ld+json\" class=\"yoast-schema-graph\">{\"@context\":\"https:\/\/schema.org\",\"@graph\":[{\"@type\":\"WebPage\",\"@id\":\"https:\/\/worldskills.ro\/atlasul-profesiilor-competentelor-inverzire-urbana\/rezultate\/\",\"url\":\"https:\/\/worldskills.ro\/atlasul-profesiilor-competentelor-inverzire-urbana\/rezultate\/\",\"name\":\"Rezultate - Atlasul profesiilor si competentelor in inverzire urbana\",\"isPartOf\":{\"@id\":\"https:\/\/worldskills.ro\/atlasul-profesiilor-competentelor-inverzire-urbana\/#website\"},\"datePublished\":\"2021-10-27T17:53:13+00:00\",\"dateModified\":\"2021-12-02T20:21:10+00:00\",\"breadcrumb\":{\"@id\":\"https:\/\/worldskills.ro\/atlasul-profesiilor-competentelor-inverzire-urbana\/rezultate\/#breadcrumb\"},\"inLanguage\":\"en-US\",\"potentialAction\":[{\"@type\":\"ReadAction\",\"target\":[\"https:\/\/worldskills.ro\/atlasul-profesiilor-competentelor-inverzire-urbana\/rezultate\/\"]}]},{\"@type\":\"BreadcrumbList\",\"@id\":\"https:\/\/worldskills.ro\/atlasul-profesiilor-competentelor-inverzire-urbana\/rezultate\/#breadcrumb\",\"itemListElement\":[{\"@type\":\"ListItem\",\"position\":1,\"name\":\"Home\",\"item\":\"https:\/\/worldskills.ro\/atlasul-profesiilor-competentelor-inverzire-urbana\/\"},{\"@type\":\"ListItem\",\"position\":2,\"name\":\"Rezultate\"}]},{\"@type\":\"WebSite\",\"@id\":\"https:\/\/worldskills.ro\/atlasul-profesiilor-competentelor-inverzire-urbana\/#website\",\"url\":\"https:\/\/worldskills.ro\/atlasul-profesiilor-competentelor-inverzire-urbana\/\",\"name\":\"Atlasul profesiilor si competentelor in inverzire urbana\",\"description\":\"\",\"potentialAction\":[{\"@type\":\"SearchAction\",\"target\":{\"@type\":\"EntryPoint\",\"urlTemplate\":\"https:\/\/worldskills.ro\/atlasul-profesiilor-competentelor-inverzire-urbana\/?s={search_term_string}\"},\"query-input\":\"required name=search_term_string\"}],\"inLanguage\":\"en-US\"}]}<\/script>\n<!-- \/ Yoast SEO plugin. -->","yoast_head_json":{"title":"Rezultate - Atlasul profesiilor si competentelor in inverzire urbana","robots":{"index":"index","follow":"follow","max-snippet":"max-snippet:-1","max-image-preview":"max-image-preview:large","max-video-preview":"max-video-preview:-1"},"canonical":"https:\/\/worldskills.ro\/atlasul-profesiilor-competentelor-inverzire-urbana\/rezultate\/","og_locale":"en_US","og_type":"article","og_title":"Rezultate - Atlasul profesiilor si competentelor in inverzire urbana","og_url":"https:\/\/worldskills.ro\/atlasul-profesiilor-competentelor-inverzire-urbana\/rezultate\/","og_site_name":"Atlasul profesiilor si competentelor in inverzire urbana","article_modified_time":"2021-12-02T20:21:10+00:00","og_image":[{"url":"https:\/\/worldskills.ro\/atlasul-profesiilor-competentelor-inverzire-urbana\/wp-content\/uploads\/2021\/10\/hero-logo.png"}],"twitter_card":"summary_large_image","twitter_misc":{"Est. reading time":"4 minutes"},"schema":{"@context":"https:\/\/schema.org","@graph":[{"@type":"WebPage","@id":"https:\/\/worldskills.ro\/atlasul-profesiilor-competentelor-inverzire-urbana\/rezultate\/","url":"https:\/\/worldskills.ro\/atlasul-profesiilor-competentelor-inverzire-urbana\/rezultate\/","name":"Rezultate - Atlasul profesiilor si competentelor in inverzire urbana","isPartOf":{"@id":"https:\/\/worldskills.ro\/atlasul-profesiilor-competentelor-inverzire-urbana\/#website"},"datePublished":"2021-10-27T17:53:13+00:00","dateModified":"2021-12-02T20:21:10+00:00","breadcrumb":{"@id":"https:\/\/worldskills.ro\/atlasul-profesiilor-competentelor-inverzire-urbana\/rezultate\/#breadcrumb"},"inLanguage":"en-US","potentialAction":[{"@type":"ReadAction","target":["https:\/\/worldskills.ro\/atlasul-profesiilor-competentelor-inverzire-urbana\/rezultate\/"]}]},{"@type":"BreadcrumbList","@id":"https:\/\/worldskills.ro\/atlasul-profesiilor-competentelor-inverzire-urbana\/rezultate\/#breadcrumb","itemListElement":[{"@type":"ListItem","position":1,"name":"Home","item":"https:\/\/worldskills.ro\/atlasul-profesiilor-competentelor-inverzire-urbana\/"},{"@type":"ListItem","position":2,"name":"Rezultate"}]},{"@type":"WebSite","@id":"https:\/\/worldskills.ro\/atlasul-profesiilor-competentelor-inverzire-urbana\/#website","url":"https:\/\/worldskills.ro\/atlasul-profesiilor-competentelor-inverzire-urbana\/","name":"Atlasul profesiilor si competentelor in inverzire urbana","description":"","potentialAction":[{"@type":"SearchAction","target":{"@type":"EntryPoint","urlTemplate":"https:\/\/worldskills.ro\/atlasul-profesiilor-competentelor-inverzire-urbana\/?s={search_term_string}"},"query-input":"required name=search_term_string"}],"inLanguage":"en-US"}]}},"_links":{"self":[{"href":"https:\/\/worldskills.ro\/atlasul-profesiilor-competentelor-inverzire-urbana\/wp-json\/wp\/v2\/pages\/2738"}],"collection":[{"href":"https:\/\/worldskills.ro\/atlasul-profesiilor-competentelor-inverzire-urbana\/wp-json\/wp\/v2\/pages"}],"about":[{"href":"https:\/\/worldskills.ro\/atlasul-profesiilor-competentelor-inverzire-urbana\/wp-json\/wp\/v2\/types\/page"}],"author":[{"embeddable":true,"href":"https:\/\/worldskills.ro\/atlasul-profesiilor-competentelor-inverzire-urbana\/wp-json\/wp\/v2\/users\/1"}],"replies":[{"embeddable":true,"href":"https:\/\/worldskills.ro\/atlasul-profesiilor-competentelor-inverzire-urbana\/wp-json\/wp\/v2\/comments?post=2738"}],"version-history":[{"count":21,"href":"https:\/\/worldskills.ro\/atlasul-profesiilor-competentelor-inverzire-urbana\/wp-json\/wp\/v2\/pages\/2738\/revisions"}],"predecessor-version":[{"id":3070,"href":"https:\/\/worldskills.ro\/atlasul-profesiilor-competentelor-inverzire-urbana\/wp-json\/wp\/v2\/pages\/2738\/revisions\/3070"}],"wp:attachment":[{"href":"https:\/\/worldskills.ro\/atlasul-profesiilor-competentelor-inverzire-urbana\/wp-json\/wp\/v2\/media?parent=2738"}],"curies":[{"name":"wp","href":"https:\/\/api.w.org\/{rel}","templated":true}]}}