{"id":2742,"date":"2021-10-27T17:53:46","date_gmt":"2021-10-27T17:53:46","guid":{"rendered":"https:\/\/worldskills.ro\/atlasul-profesiilor-competentelor-inverzire-urbana\/?page_id=2742"},"modified":"2021-12-21T08:51:18","modified_gmt":"2021-12-21T08:51:18","slug":"contact","status":"publish","type":"page","link":"https:\/\/worldskills.ro\/atlasul-profesiilor-competentelor-inverzire-urbana\/contact\/","title":{"rendered":"Contact"},"content":{"rendered":"<section id=\"bt_bb_section69e38e1d63885\" class=\"bt_bb_section bt_bb_layout_boxed_1200 bt_bb_vertical_align_top bt_bb_top_spacing_100 bt_bb_bottom_spacing_30\" style=\";background-color:rgb(245,245,245);\" data-bt-override-class=\"null\"><div class=\"bt_bb_port\"><div class=\"bt_bb_cell\"><div class=\"bt_bb_cell_inner\"><div class=\"bt_bb_row \"  data-bt-override-class=\"{}\"><div class=\"bt_bb_row_holder\" ><div  class=\"bt_bb_column col-xxl-3 col-xl-3 col-xs-12 col-sm-12 col-md-12 col-lg-3 bt_bb_vertical_align_top bt_bb_align_left bt_bb_padding_normal\" style=\"; --column-width:3;\" data-width=\"3\" data-bt-override-class=\"{}\"><div class=\"bt_bb_column_content\"><div class=\"bt_bb_column_content_inner\"><\/div><\/div><\/div><div  class=\"bt_bb_column col-xxl-6 col-xl-6 col-xs-12 col-sm-12 col-md-12 col-lg-6 bt_bb_vertical_align_top bt_bb_align_left bt_bb_padding_normal\" style=\"; --column-width:6;\" data-width=\"6\" data-bt-override-class=\"{}\"><div class=\"bt_bb_column_content\"><div class=\"bt_bb_column_content_inner\"><div class=\"bt_bb_separator bt_bb_border_style_none bt_bb_top_spacing_30 bt_bb_bottom_spacing_10\" data-bt-override-class=\"null\"><\/div><div  class=\"bt_bb_text\" ><\/p>\n<div class=\"titlu-sectiune\" style=\"text-align: center;\">Contact<\/div>\n<hr style=\"width: 140px; margin: 0 auto;\" \/>\n<p>\n<\/div><div class=\"bt_bb_separator bt_bb_border_style_none bt_bb_top_spacing_15 bt_bb_bottom_spacing_15\" data-bt-override-class=\"null\"><\/div><div  class=\"bt_bb_text\" ><\/p>\n<div class=\"contact-text\">Pentru informa\u021bii suplimentare v\u0103 rug\u0103m s\u0103 ne contacta\u021bi la: <a href=\"mailto:contact@dezvoltaredurabila.gov.ro\">contact@dezvoltaredurabila.gov.ro<\/a>.<br \/>\nCoordonatori proiect:<br \/>\nDepartamentul pentru Dezvoltare Durabil\u0103<br \/>\nCornel Bertea Hanganu &#8211; <a href=\"mailto:cornel.bertea@gov.ro\">cornel.bertea@gov.ro<\/a><br \/>\nFunda\u021bia WorldSkills Rom\u00e2nia<br \/>\nLarisa Panait &#8211; <a href=\"mailto:larisa.panait@worldskills.ro\">larisa.panait@worldskills.ro<\/a><\/div>\n<p>\n<\/div><div class=\"bt_bb_separator bt_bb_border_style_none bt_bb_top_spacing_15 bt_bb_bottom_spacing_15\" data-bt-override-class=\"null\"><\/div><div class=\"bt_bb_contact_form_7\">\n<div class=\"wpcf7 no-js\" id=\"wpcf7-f7-o1\" lang=\"en-US\" dir=\"ltr\">\n<div class=\"screen-reader-response\"><p role=\"status\" aria-live=\"polite\" aria-atomic=\"true\"><\/p> <ul><\/ul><\/div>\n<form action=\"\/atlasul-profesiilor-competentelor-inverzire-urbana\/wp-json\/wp\/v2\/pages\/2742#wpcf7-f7-o1\" method=\"post\" class=\"wpcf7-form init\" aria-label=\"Contact form\" novalidate=\"novalidate\" data-status=\"init\">\n<div style=\"display: none;\">\n<input type=\"hidden\" name=\"_wpcf7\" value=\"7\" \/>\n<input type=\"hidden\" name=\"_wpcf7_version\" value=\"5.7.7\" \/>\n<input type=\"hidden\" name=\"_wpcf7_locale\" value=\"en_US\" \/>\n<input type=\"hidden\" name=\"_wpcf7_unit_tag\" value=\"wpcf7-f7-o1\" \/>\n<input type=\"hidden\" name=\"_wpcf7_container_post\" value=\"0\" \/>\n<input type=\"hidden\" name=\"_wpcf7_posted_data_hash\" value=\"\" \/>\n<\/div>\n<p><label> Nume<br \/>\n<span class=\"wpcf7-form-control-wrap\" data-name=\"your-name\"><input size=\"40\" class=\"wpcf7-form-control wpcf7-text wpcf7-validates-as-required\" aria-required=\"true\" aria-invalid=\"false\" value=\"\" type=\"text\" name=\"your-name\" \/><\/span> <\/label>\n<\/p>\n<p><label> Email<br \/>\n<span class=\"wpcf7-form-control-wrap\" data-name=\"your-email\"><input size=\"40\" class=\"wpcf7-form-control wpcf7-text wpcf7-email wpcf7-validates-as-required wpcf7-validates-as-email\" aria-required=\"true\" aria-invalid=\"false\" value=\"\" type=\"email\" name=\"your-email\" \/><\/span> <\/label>\n<\/p>\n<p><label> Organizatie<br \/>\n<span class=\"wpcf7-form-control-wrap\" data-name=\"your-subject\"><input size=\"40\" class=\"wpcf7-form-control wpcf7-text wpcf7-validates-as-required\" aria-required=\"true\" aria-invalid=\"false\" value=\"\" type=\"text\" name=\"your-subject\" \/><\/span> <\/label>\n<\/p>\n<p><label> Mesaj<br \/>\n<span class=\"wpcf7-form-control-wrap\" data-name=\"your-message\"><textarea cols=\"40\" rows=\"10\" class=\"wpcf7-form-control wpcf7-textarea\" aria-invalid=\"false\" name=\"your-message\"><\/textarea><\/span> <\/label>\n<\/p>\n<p><input class=\"wpcf7-form-control has-spinner wpcf7-submit\" type=\"submit\" value=\"Trimite\" \/>\n<\/p><div class=\"wpcf7-response-output\" aria-hidden=\"true\"><\/div>\n<\/form>\n<\/div>\n<\/div><\/div><\/div><\/div><div  class=\"bt_bb_column col-xxl-3 col-xl-3 col-xs-12 col-sm-12 col-md-12 col-lg-3 bt_bb_vertical_align_top bt_bb_align_left bt_bb_padding_normal\" style=\"; --column-width:3;\" data-width=\"3\" data-bt-override-class=\"{}\"><div class=\"bt_bb_column_content\"><div class=\"bt_bb_column_content_inner\"><\/div><\/div><\/div><\/div><\/div><\/div><!-- cell_inner --><\/div><!-- cell --><\/div><!-- port --><\/section>\n","protected":false},"excerpt":{"rendered":"","protected":false},"author":1,"featured_media":0,"parent":0,"menu_order":0,"comment_status":"closed","ping_status":"closed","template":"","meta":[],"yoast_head":"<!-- This site is optimized with the Yoast SEO plugin v21.1 - https:\/\/yoast.com\/wordpress\/plugins\/seo\/ -->\n<title>Contact - Atlasul profesiilor si competentelor in inverzire urbana<\/title>\n<meta name=\"robots\" content=\"index, follow, max-snippet:-1, max-image-preview:large, max-video-preview:-1\" \/>\n<link rel=\"canonical\" href=\"https:\/\/worldskills.ro\/atlasul-profesiilor-competentelor-inverzire-urbana\/contact\/\" \/>\n<meta property=\"og:locale\" content=\"en_US\" \/>\n<meta property=\"og:type\" content=\"article\" \/>\n<meta property=\"og:title\" content=\"Contact - Atlasul profesiilor si competentelor in inverzire urbana\" \/>\n<meta property=\"og:url\" content=\"https:\/\/worldskills.ro\/atlasul-profesiilor-competentelor-inverzire-urbana\/contact\/\" \/>\n<meta property=\"og:site_name\" content=\"Atlasul profesiilor si competentelor in inverzire urbana\" \/>\n<meta property=\"article:modified_time\" content=\"2021-12-21T08:51:18+00:00\" \/>\n<meta name=\"twitter:card\" content=\"summary_large_image\" \/>\n<meta name=\"twitter:label1\" content=\"Est. reading time\" \/>\n\t<meta name=\"twitter:data1\" content=\"2 minutes\" \/>\n<script type=\"application\/ld+json\" class=\"yoast-schema-graph\">{\"@context\":\"https:\/\/schema.org\",\"@graph\":[{\"@type\":\"WebPage\",\"@id\":\"https:\/\/worldskills.ro\/atlasul-profesiilor-competentelor-inverzire-urbana\/contact\/\",\"url\":\"https:\/\/worldskills.ro\/atlasul-profesiilor-competentelor-inverzire-urbana\/contact\/\",\"name\":\"Contact - Atlasul profesiilor si competentelor in inverzire urbana\",\"isPartOf\":{\"@id\":\"https:\/\/worldskills.ro\/atlasul-profesiilor-competentelor-inverzire-urbana\/#website\"},\"datePublished\":\"2021-10-27T17:53:46+00:00\",\"dateModified\":\"2021-12-21T08:51:18+00:00\",\"breadcrumb\":{\"@id\":\"https:\/\/worldskills.ro\/atlasul-profesiilor-competentelor-inverzire-urbana\/contact\/#breadcrumb\"},\"inLanguage\":\"en-US\",\"potentialAction\":[{\"@type\":\"ReadAction\",\"target\":[\"https:\/\/worldskills.ro\/atlasul-profesiilor-competentelor-inverzire-urbana\/contact\/\"]}]},{\"@type\":\"BreadcrumbList\",\"@id\":\"https:\/\/worldskills.ro\/atlasul-profesiilor-competentelor-inverzire-urbana\/contact\/#breadcrumb\",\"itemListElement\":[{\"@type\":\"ListItem\",\"position\":1,\"name\":\"Home\",\"item\":\"https:\/\/worldskills.ro\/atlasul-profesiilor-competentelor-inverzire-urbana\/\"},{\"@type\":\"ListItem\",\"position\":2,\"name\":\"Contact\"}]},{\"@type\":\"WebSite\",\"@id\":\"https:\/\/worldskills.ro\/atlasul-profesiilor-competentelor-inverzire-urbana\/#website\",\"url\":\"https:\/\/worldskills.ro\/atlasul-profesiilor-competentelor-inverzire-urbana\/\",\"name\":\"Atlasul profesiilor si competentelor in inverzire urbana\",\"description\":\"\",\"potentialAction\":[{\"@type\":\"SearchAction\",\"target\":{\"@type\":\"EntryPoint\",\"urlTemplate\":\"https:\/\/worldskills.ro\/atlasul-profesiilor-competentelor-inverzire-urbana\/?s={search_term_string}\"},\"query-input\":\"required name=search_term_string\"}],\"inLanguage\":\"en-US\"}]}<\/script>\n<!-- \/ Yoast SEO plugin. -->","yoast_head_json":{"title":"Contact - Atlasul profesiilor si competentelor in inverzire urbana","robots":{"index":"index","follow":"follow","max-snippet":"max-snippet:-1","max-image-preview":"max-image-preview:large","max-video-preview":"max-video-preview:-1"},"canonical":"https:\/\/worldskills.ro\/atlasul-profesiilor-competentelor-inverzire-urbana\/contact\/","og_locale":"en_US","og_type":"article","og_title":"Contact - Atlasul profesiilor si competentelor in inverzire urbana","og_url":"https:\/\/worldskills.ro\/atlasul-profesiilor-competentelor-inverzire-urbana\/contact\/","og_site_name":"Atlasul profesiilor si competentelor in inverzire urbana","article_modified_time":"2021-12-21T08:51:18+00:00","twitter_card":"summary_large_image","twitter_misc":{"Est. reading time":"2 minutes"},"schema":{"@context":"https:\/\/schema.org","@graph":[{"@type":"WebPage","@id":"https:\/\/worldskills.ro\/atlasul-profesiilor-competentelor-inverzire-urbana\/contact\/","url":"https:\/\/worldskills.ro\/atlasul-profesiilor-competentelor-inverzire-urbana\/contact\/","name":"Contact - Atlasul profesiilor si competentelor in inverzire urbana","isPartOf":{"@id":"https:\/\/worldskills.ro\/atlasul-profesiilor-competentelor-inverzire-urbana\/#website"},"datePublished":"2021-10-27T17:53:46+00:00","dateModified":"2021-12-21T08:51:18+00:00","breadcrumb":{"@id":"https:\/\/worldskills.ro\/atlasul-profesiilor-competentelor-inverzire-urbana\/contact\/#breadcrumb"},"inLanguage":"en-US","potentialAction":[{"@type":"ReadAction","target":["https:\/\/worldskills.ro\/atlasul-profesiilor-competentelor-inverzire-urbana\/contact\/"]}]},{"@type":"BreadcrumbList","@id":"https:\/\/worldskills.ro\/atlasul-profesiilor-competentelor-inverzire-urbana\/contact\/#breadcrumb","itemListElement":[{"@type":"ListItem","position":1,"name":"Home","item":"https:\/\/worldskills.ro\/atlasul-profesiilor-competentelor-inverzire-urbana\/"},{"@type":"ListItem","position":2,"name":"Contact"}]},{"@type":"WebSite","@id":"https:\/\/worldskills.ro\/atlasul-profesiilor-competentelor-inverzire-urbana\/#website","url":"https:\/\/worldskills.ro\/atlasul-profesiilor-competentelor-inverzire-urbana\/","name":"Atlasul profesiilor si competentelor in inverzire urbana","description":"","potentialAction":[{"@type":"SearchAction","target":{"@type":"EntryPoint","urlTemplate":"https:\/\/worldskills.ro\/atlasul-profesiilor-competentelor-inverzire-urbana\/?s={search_term_string}"},"query-input":"required name=search_term_string"}],"inLanguage":"en-US"}]}},"_links":{"self":[{"href":"https:\/\/worldskills.ro\/atlasul-profesiilor-competentelor-inverzire-urbana\/wp-json\/wp\/v2\/pages\/2742"}],"collection":[{"href":"https:\/\/worldskills.ro\/atlasul-profesiilor-competentelor-inverzire-urbana\/wp-json\/wp\/v2\/pages"}],"about":[{"href":"https:\/\/worldskills.ro\/atlasul-profesiilor-competentelor-inverzire-urbana\/wp-json\/wp\/v2\/types\/page"}],"author":[{"embeddable":true,"href":"https:\/\/worldskills.ro\/atlasul-profesiilor-competentelor-inverzire-urbana\/wp-json\/wp\/v2\/users\/1"}],"replies":[{"embeddable":true,"href":"https:\/\/worldskills.ro\/atlasul-profesiilor-competentelor-inverzire-urbana\/wp-json\/wp\/v2\/comments?post=2742"}],"version-history":[{"count":11,"href":"https:\/\/worldskills.ro\/atlasul-profesiilor-competentelor-inverzire-urbana\/wp-json\/wp\/v2\/pages\/2742\/revisions"}],"predecessor-version":[{"id":3074,"href":"https:\/\/worldskills.ro\/atlasul-profesiilor-competentelor-inverzire-urbana\/wp-json\/wp\/v2\/pages\/2742\/revisions\/3074"}],"wp:attachment":[{"href":"https:\/\/worldskills.ro\/atlasul-profesiilor-competentelor-inverzire-urbana\/wp-json\/wp\/v2\/media?parent=2742"}],"curies":[{"name":"wp","href":"https:\/\/api.w.org\/{rel}","templated":true}]}}