{"id":2869,"date":"2021-10-29T06:05:23","date_gmt":"2021-10-29T06:05:23","guid":{"rendered":"https:\/\/worldskills.ro\/atlasul-profesiilor-competentelor-inverzire-urbana\/?page_id=2869"},"modified":"2021-11-09T13:46:17","modified_gmt":"2021-11-09T13:46:17","slug":"event","status":"publish","type":"page","link":"https:\/\/worldskills.ro\/atlasul-profesiilor-competentelor-inverzire-urbana\/event\/","title":{"rendered":"Event"},"content":{"rendered":"<p><section id=\"bt_bb_section69e37afeb2243\" class=\"bt_bb_section bt_bb_layout_wide bt_bb_vertical_align_top bt_bb_top_spacing_100\"  data-bt-override-class=\"null\"><div class=\"bt_bb_background_image_holder_wrapper\"><div class=\"bt_bb_background_image_holder btLazyLoadBackground\"  data-background_image_src=\"https:\/\/worldskills.ro\/atlasul-profesiilor-competentelor-inverzire-urbana\/wp-content\/uploads\/2021\/10\/report-bg.jpg\" data-parallax-zoom-start=\"1\" data-parallax-zoom-end=\"1\" data-parallax-blur-start=\"0\" data-parallax-blur-end=\"0\" data-parallax-opacity-start=\"1\" data-parallax-opacity-end=\"1\" style=\" background-image: url(&#039;https:\/\/worldskills.ro\/atlasul-profesiilor-competentelor-inverzire-urbana\/wp-content\/plugins\/bold-page-builder\/img\/blank.gif&#039;);\"><\/div><\/div><div class=\"bt_bb_port\"><div class=\"bt_bb_cell\"><div class=\"bt_bb_cell_inner\"><div class=\"bt_bb_row \"  data-bt-override-class=\"{}\"><div class=\"bt_bb_row_holder\" ><div  class=\"bt_bb_column col-xxl-12 col-xl-12 col-xs-12 col-sm-12 col-md-12 col-lg-12 bt_bb_vertical_align_top bt_bb_align_left bt_bb_padding_normal\" style=\"; --column-width:12;\" data-width=\"12\" data-bt-override-class=\"{}\"><div class=\"bt_bb_column_content\"><div class=\"bt_bb_column_content_inner\"><div class=\"bt_bb_separator bt_bb_border_style_none bt_bb_top_spacing_15 bt_bb_bottom_spacing_15\" data-bt-override-class=\"null\"><\/div><div  class=\"bt_bb_text\" ><\/p>\n<p><img decoding=\"async\" loading=\"lazy\" class=\"size-full wp-image-142 aligncenter\" src=\"https:\/\/worldskills.ro\/atlasul-profesiilor-competentelor-inverzire-urbana\/wp-content\/uploads\/2021\/10\/hero-logo.png\" alt=\"\" width=\"365\" height=\"267\" srcset=\"https:\/\/worldskills.ro\/atlasul-profesiilor-competentelor-inverzire-urbana\/wp-content\/uploads\/2021\/10\/hero-logo.png 365w, https:\/\/worldskills.ro\/atlasul-profesiilor-competentelor-inverzire-urbana\/wp-content\/uploads\/2021\/10\/hero-logo-320x234.png 320w\" sizes=\"(max-width: 365px) 100vw, 365px\" \/><\/p>\n<p>\n<\/div><div class=\"bt_bb_separator bt_bb_border_style_none bt_bb_top_spacing_20 bt_bb_bottom_spacing_30\" data-bt-override-class=\"null\"><\/div><div  class=\"bt_bb_text\" ><\/p>\n<div class=\"main-title-page\">Event<\/div>\n<p>\n<\/div><div class=\"bt_bb_separator bt_bb_border_style_none bt_bb_top_spacing_40 bt_bb_bottom_spacing_30\" data-bt-override-class=\"null\"><\/div><div  class=\"bt_bb_text bt_bb_hidden_xs bt_bb_hidden_ms\" ><\/p>\n<div class=\"butoane\" style=\"width: 446px;\"><a class=\"download-raport\" href=\"https:\/\/worldskills.ro\/atlasul-profesiilor-competentelor-inverzire-urbana\/Agenda-EN.pdf\" target=\"_blank\" rel=\"noopener\"> | Agenda<\/a><a class=\"inscriete\" href=\"https:\/\/forms.gle\/yhJoSBvEk3E5G9XN8\" target=\"_blank\" rel=\"noopener\"> | Register for the event<\/a><\/div>\n<p>\n<\/div><div  class=\"bt_bb_text bt_bb_hidden_sm bt_bb_hidden_md bt_bb_hidden_lg\" ><\/p>\n<div class=\"amobil\"><a class=\"download-raport\" href=\"https:\/\/worldskills.ro\/atlasul-profesiilor-competentelor-inverzire-urbana\/Agenda-EN.pdf\" target=\"_blank\" rel=\"noopener\"> | Agenda<\/a><\/div>\n<div class=\"imobil\"><a class=\"inscriete\" href=\"https:\/\/forms.gle\/yhJoSBvEk3E5G9XN8\" target=\"_blank\" rel=\"noopener\"> | Register for the event<\/a><\/div>\n<p>\n<\/div><div class=\"bt_bb_separator bt_bb_border_style_none bt_bb_top_spacing_25 bt_bb_bottom_spacing_25\" data-bt-override-class=\"null\"><\/div><div  class=\"bt_bb_text\" ><\/p>\n<p><img decoding=\"async\" loading=\"lazy\" class=\"size-medium wp-image-137 aligncenter\" src=\"https:\/\/worldskills.ro\/atlasul-profesiilor-competentelor-inverzire-urbana\/wp-content\/uploads\/2021\/10\/hero-people-640x98.png\" alt=\"\" width=\"640\" height=\"98\" srcset=\"https:\/\/worldskills.ro\/atlasul-profesiilor-competentelor-inverzire-urbana\/wp-content\/uploads\/2021\/10\/hero-people-640x98.png 640w, https:\/\/worldskills.ro\/atlasul-profesiilor-competentelor-inverzire-urbana\/wp-content\/uploads\/2021\/10\/hero-people-768x117.png 768w, https:\/\/worldskills.ro\/atlasul-profesiilor-competentelor-inverzire-urbana\/wp-content\/uploads\/2021\/10\/hero-people-320x49.png 320w, https:\/\/worldskills.ro\/atlasul-profesiilor-competentelor-inverzire-urbana\/wp-content\/uploads\/2021\/10\/hero-people.png 890w\" sizes=\"(max-width: 640px) 100vw, 640px\" \/><\/p>\n<p>\n<\/div><\/div><\/div><\/div><\/div><\/div><\/div><!-- cell_inner --><\/div><!-- cell --><\/div><!-- port --><\/section><section id=\"bt_bb_section69e37afeb30f1\" class=\"bt_bb_section bt_bb_layout_boxed_1200 bt_bb_vertical_align_top bt_bb_top_spacing_30 bt_bb_bottom_spacing_30\"  data-bt-override-class=\"null\"><div class=\"bt_bb_port\"><div class=\"bt_bb_cell\"><div class=\"bt_bb_cell_inner\"><div class=\"bt_bb_row \"  data-bt-override-class=\"{}\"><div class=\"bt_bb_row_holder\" ><div  class=\"bt_bb_column col-xxl-12 col-xl-12 col-xs-12 col-sm-12 col-md-12 col-lg-12 bt_bb_vertical_align_top bt_bb_align_left bt_bb_padding_normal\" style=\"; --column-width:12;\" data-width=\"12\" data-bt-override-class=\"{}\"><div class=\"bt_bb_column_content\"><div class=\"bt_bb_column_content_inner\"><div  class=\"bt_bb_text\" ><\/p>\n<div class=\"titlu-sectiune\">About the event<\/div>\n<hr \/>\n<p>\n<\/div><div class=\"bt_bb_separator bt_bb_border_style_none bt_bb_top_spacing_5 bt_bb_bottom_spacing_5\" data-bt-override-class=\"null\"><\/div><div  class=\"bt_bb_text\" ><\/p>\n<div class=\"paragraf-principal\">The purpose of the conference is to discuss the need for training within the urban greening field in order to support its development.<\/div>\n<div class=\"paragraf\">\n<p>By means of this conference, we aim to bring together all those who can support the development of urban greening in Romania, from representatives of central and local public authorities, professional associations, educational institutions to international experts who support development of this field.<br \/>\nDuring the event we will talk about the importance of urban greening, the need for professionals\u2019 quality training and collaboration among stakeholders. We will do this in the context of the &#8220;Atlas of professions and skills in urban greening&#8221; research report launch.<br \/>\nThe event focuses on professionals in fields that support urban greening (landscapers, architects, urban planners, horticulturists, arboriculturists, construction specialists, etc.), training providers or those who want to develop training programs in these areas, representatives of local authorities, other persons interested in this subject.<\/p>\n<\/div>\n<p>\n<\/div><div class=\"bt_bb_separator bt_bb_border_style_none bt_bb_top_spacing_5 bt_bb_bottom_spacing_5\" data-bt-override-class=\"null\"><\/div><div  class=\"bt_bb_text\" ><\/div><div class=\"bt_bb_separator bt_bb_border_style_none bt_bb_top_spacing_5 bt_bb_bottom_spacing_5\" data-bt-override-class=\"null\"><\/div><div  class=\"bt_bb_text\" ><\/p>\n<div class=\"titlu-sectiune\">Agenda<\/div>\n<hr \/>\n<p>\n<\/div><div class=\"bt_bb_separator bt_bb_border_style_none bt_bb_top_spacing_5 bt_bb_bottom_spacing_5\" data-bt-override-class=\"null\"><\/div><div  class=\"bt_bb_text\" ><\/p>\n<div class=\"paragraf\">See the agenda <a href=\"https:\/\/worldskills.ro\/atlasul-profesiilor-competentelor-inverzire-urbana\/Agenda-EN.pdf\" target=\"_blank\" rel=\"noopener\">HERE<\/a>.<\/div>\n<p>\n<\/div><div class=\"bt_bb_separator bt_bb_border_style_none bt_bb_top_spacing_5 bt_bb_bottom_spacing_5\" data-bt-override-class=\"null\"><\/div><\/div><\/div><\/div><\/div><\/div><\/div><!-- cell_inner --><\/div><!-- cell --><\/div><!-- port --><\/section><section id=\"bt_bb_section69e37afeb4296\" class=\"bt_bb_section bt_bb_layout_boxed_1200 bt_bb_vertical_align_top bt_bb_top_spacing_30 bt_bb_bottom_spacing_30 bt_bb_hidden_xs bt_bb_hidden_ms bt_bb_hidden_sm bt_bb_hidden_md bt_bb_hidden_lg\"  data-bt-override-class=\"null\"><div class=\"bt_bb_port\"><div class=\"bt_bb_cell\"><div class=\"bt_bb_cell_inner\"><div class=\"bt_bb_row \"  data-bt-override-class=\"{}\"><div class=\"bt_bb_row_holder\" ><div  class=\"bt_bb_column col-xxl-12 col-xl-12 col-xs-12 col-sm-12 col-md-12 col-lg-12 bt_bb_vertical_align_top bt_bb_align_left bt_bb_padding_normal\" style=\"; --column-width:12;\" data-width=\"12\" data-bt-override-class=\"{}\"><div class=\"bt_bb_column_content\"><div class=\"bt_bb_column_content_inner\"><div  class=\"bt_bb_text\" ><\/p>\n<div class=\"titlu-sectiune\">About the event<\/div>\n<hr \/>\n<p>\n<\/div><div class=\"bt_bb_separator bt_bb_border_style_none bt_bb_top_spacing_5 bt_bb_bottom_spacing_5\" data-bt-override-class=\"null\"><\/div><div  class=\"bt_bb_text\" ><\/p>\n<div class=\"paragraf-principal\">The purpose of the conference is to discuss the need for training within the urban greening field in order to support its development.<\/div>\n<div class=\"paragraf\">\n<p>By means of this conference, we aim to bring together all those who can support the development of urban greening in Romania, from representatives of central and local public authorities, professional associations, educational institutions to international experts who support development of this field.<br \/>\nDuring the event we will talk about the importance of urban greening, the need for professionals\u2019 quality training and collaboration among stakeholders. We will do this in the context of the &#8220;Atlas of professions and skills in urban greening&#8221; research report launch.<br \/>\nThe event focuses on professionals in fields that support urban greening (landscapers, architects, urban planners, horticulturists, arboriculturists, construction specialists, etc.), training providers or those who want to develop training programs in these areas, representatives of local authorities, other persons interested in this subject.<\/p>\n<\/div>\n<p>\n<\/div><div class=\"bt_bb_separator bt_bb_border_style_none bt_bb_top_spacing_5 bt_bb_bottom_spacing_5\" data-bt-override-class=\"null\"><\/div><div  class=\"bt_bb_text\" ><\/div><div class=\"bt_bb_separator bt_bb_border_style_none bt_bb_top_spacing_5 bt_bb_bottom_spacing_5\" data-bt-override-class=\"null\"><\/div><div  class=\"bt_bb_text\" ><\/p>\n<div class=\"titlu-sectiune\">Agenda<\/div>\n<hr \/>\n<p>\n<\/div><div class=\"bt_bb_separator bt_bb_border_style_none bt_bb_top_spacing_5 bt_bb_bottom_spacing_5\" data-bt-override-class=\"null\"><\/div><div  class=\"bt_bb_text\" ><\/p>\n<div class=\"hours\">10:00 &#8211; 10:15<\/div>\n<div class=\"talkdescription\">Opening ceremony.<br \/>\nVocational training in the field of urban greening in accordance with the objectives of the National Strategy for Sustainable Development of Romania 2030<\/div>\n<div class=\"vorbitor\">Speaker<\/div>\n<div class=\"vorbitorname\"><span class=\"rosu\">L\u00e1szl\u00f3 Borb\u00e9ly<\/span>, State Counselor,<br \/>\nCoordinator of the Department for Sustainable Development<\/div>\n<p>\n<\/div><div class=\"bt_bb_separator bt_bb_border_style_none bt_bb_top_spacing_5 bt_bb_bottom_spacing_5\" data-bt-override-class=\"null\"><\/div><div  class=\"bt_bb_text\" ><\/p>\n<div class=\"hours\">10:15 &#8211; 10:25<\/div>\n<div class=\"talkdescription\">Professions and skills for sustainable development, in particular for urban greening. Perspectives in an international context.<\/div>\n<div class=\"vorbitor\">Speaker<\/div>\n<div class=\"vorbitorname\"><span class=\"rosu\">Raluca Turcan<\/span>, Minister of Labor and Social Protection (TBC)<\/div>\n<p>\n<\/div><div class=\"bt_bb_separator bt_bb_border_style_none bt_bb_top_spacing_5 bt_bb_bottom_spacing_5\" data-bt-override-class=\"null\"><\/div><div  class=\"bt_bb_text\" ><\/p>\n<div class=\"hours\">10:25 &#8211; 10:35<\/div>\n<div class=\"talkdescription\">Urban greening in the context of urban development. Perspectives, challenges, and solutions<\/div>\n<div class=\"vorbitor\">Speaker<\/div>\n<div class=\"vorbitorname\"><span class=\"rosu\">Cseke Attila<\/span>, Minister of Development, Public Works, and Administration (TBC)<\/div>\n<p>\n<\/div><div class=\"bt_bb_separator bt_bb_border_style_none bt_bb_top_spacing_5 bt_bb_bottom_spacing_5\" data-bt-override-class=\"null\"><\/div><div  class=\"bt_bb_text\" ><\/p>\n<div class=\"hours\">10:35 &#8211; 10:45<\/div>\n<div class=\"talkdescription\">Urban greening in the Netherlands<\/div>\n<div class=\"vorbitor\">Speaker<\/div>\n<div class=\"vorbitorname\"><span class=\"rosu\">ES Roelof Van Ees<\/span>, Ambassador of the Kingdom of the Netherlands to Romania<\/div>\n<p>\n<\/div><div class=\"bt_bb_separator bt_bb_border_style_none bt_bb_top_spacing_5 bt_bb_bottom_spacing_5\" data-bt-override-class=\"null\"><\/div><div  class=\"bt_bb_text\" ><\/p>\n<div class=\"hours\">10:45 &#8211; 11:25<\/div>\n<div class=\"talkdescription\">Panel discussion<br \/>\n\u201d Development perspectives in the field of urban greening. Opportunities, challenges, and solutions\u201d<\/div>\n<div class=\"vorbitor\">Moderator<\/div>\n<div class=\"vorbitorname\"><span class=\"rosu\">Cornel Bertea Hanganu<\/span>, Counselor to the Department for Sustainable Development<\/div>\n<div class=\"observatii\">Panelists<\/div>\n<div class=\"vorbitorname\"><span class=\"rosu\">Emil Boc<\/span>, President of the Association of Romanian Municipalities<\/div>\n<div class=\"vorbitorname\"><span class=\"rosu\">Conf. univ. dr. Simona Munteanu<\/span>, President of Bucharest Branch of the Order of Architects of Romania<\/div>\n<div class=\"vorbitorname\"><span class=\"rosu\">Diana Culescu<\/span>, President of The Professional Association of Urbanists in Romania<\/div>\n<div class=\"vorbitorname\"><span class=\"rosu\">Emil Iv\u0103nescu<\/span>, President of the Association of Landscape Architects in Romania<\/div>\n<div class=\"vorbitorname\"><span class=\"rosu\">Dorin Beu<\/span>, President of Romanian Green Building Council, Transilvania Branch<\/div>\n<p>\n<\/div><div class=\"bt_bb_separator bt_bb_border_style_none bt_bb_top_spacing_5 bt_bb_bottom_spacing_5\" data-bt-override-class=\"null\"><\/div><div  class=\"bt_bb_text\" ><\/p>\n<div class=\"hours\">11:25 &#8211; 11:35<\/div>\n<div class=\"talkdescription\">Research report<br \/>\n\u201dAtlas of Professions and Competencies in Urban Greening\u201d<\/div>\n<div class=\"vorbitor\">Vorbitor<\/div>\n<div class=\"vorbitorname\"><span class=\"rosu\">Aurel Brudan<\/span>, CEO The KPI Institute<\/div>\n<p>\n<\/div><div class=\"bt_bb_separator bt_bb_border_style_none bt_bb_top_spacing_5 bt_bb_bottom_spacing_5\" data-bt-override-class=\"null\"><\/div><div  class=\"bt_bb_text\" ><\/p>\n<div class=\"hours\">11:35 &#8211; 12:15<\/div>\n<div class=\"talkdescription\">International panel discussion<br \/>\n\u201dWhy is professional development in the field of urban greening so important?\u201d<\/div>\n<div class=\"vorbitor\">Moderator<\/div>\n<div class=\"vorbitorname\"><span class=\"rosu\">Aurel Brudan<\/span>, CEO The KPI Institute<\/div>\n<div class=\"observatii\">Invita\u021bi<\/div>\n<div class=\"vorbitorname\"><span class=\"rosu\">Stelina Chatzichristou<\/span>, CEDEFOP Expert<\/div>\n<div class=\"vorbitorname\"><span class=\"rosu\">Pavel Luksha<\/span>, Director at Global Education Futures, co-founder at Global Change Leaders<\/div>\n<div class=\"vorbitorname\"><span class=\"rosu\">Ekaterina Loshkareva<\/span>, Board Member Strategic Development \u2013 WorldSkills International<\/div>\n<div class=\"vorbitorname\"><span class=\"rosu\">Henrik Bos<\/span>, President of European Landscape Contractors Association (ELCA)<\/div>\n<p>\n<\/div><div class=\"bt_bb_separator bt_bb_border_style_none bt_bb_top_spacing_5 bt_bb_bottom_spacing_5\" data-bt-override-class=\"null\"><\/div><div  class=\"bt_bb_text\" ><\/p>\n<div class=\"hours\">12:15 &#8211; 12:55<\/div>\n<div class=\"talkdescription\">Panel discussion<br \/>\n\u201dVocational training for the development of urban greening\u201d<\/div>\n<div class=\"vorbitor\">Moderator<\/div>\n<div class=\"vorbitorname\"><span class=\"rosu\">Florentina Nanu<\/span>, Executive Director of the Center of Excellence for Agri-Food and Sustainable Development Educational Resources<\/div>\n<div class=\"observatii\">Invita\u021bi<\/div>\n<div class=\"vorbitorname\"><span class=\"rosu\">Prof.univ.dr. Adrian Constantin As\u0103nic\u0103<\/span>, Dean of the Horticulture Faculty, University of Agronomic Sciences and Veterinary Medicines Bucharest<\/div>\n<div class=\"vorbitorname\"><span class=\"rosu\">Conf. dr. arh. Claudiu Runceanu<\/span>, Dean of the Faculty of Urbanism, University of Architecture and Urbanism \u201dIon Mincu\u201d Bucharest<\/div>\n<div class=\"vorbitorname\"><span class=\"rosu\">Conf. univ. dr. ing. Mihail Iancovici<\/span>, Dean of the Faculty of Civil, Industrial, and Agricultural Constructions, Technical University of Constructions, Bucharest<\/div>\n<div class=\"vorbitorname\"><span class=\"rosu\">Jan Jeronimus<\/span>, Project Leader of the European Platform for Urban Greening, Program Manager Internationalization at Yuverta College, Netherlands<\/div>\n<div class=\"vorbitorname\"><span class=\"rosu\">Prof. Marinela Culea<\/span>, Principal at the Technological Highschool Cezar Nicolau Br\u0103ne\u0219ti<\/div>\n<p>\n<\/div><div class=\"bt_bb_separator bt_bb_border_style_none bt_bb_top_spacing_5 bt_bb_bottom_spacing_5\" data-bt-override-class=\"null\"><\/div><div  class=\"bt_bb_text\" ><\/p>\n<div class=\"hours\">12:55 &#8211; 13:00<\/div>\n<div class=\"talkdescription\">Conclusions<\/div>\n<div class=\"vorbitor\">Speaker<\/div>\n<div class=\"vorbitorname\"><span class=\"rosu\">L\u00e1szl\u00f3 Borb\u00e9ly<\/span>, State Counselor, Coordinator of the Department for Sustainable Development<\/div>\n<p>\n<\/div><\/div><\/div><\/div><\/div><\/div><\/div><!-- cell_inner --><\/div><!-- cell --><\/div><!-- port --><\/section><section id=\"bt_bb_section69e37afeb6229\" class=\"bt_bb_section bt_bb_layout_boxed_1200 bt_bb_vertical_align_top bt_bb_top_spacing_50 bt_bb_bottom_spacing_50\" style=\";background-color:rgb(245,245,245);\" data-bt-override-class=\"null\"><div class=\"bt_bb_port\"><div class=\"bt_bb_cell\"><div class=\"bt_bb_cell_inner\"><div class=\"bt_bb_row \"  data-bt-override-class=\"{}\"><div class=\"bt_bb_row_holder\" ><div  class=\"bt_bb_column col-xxl-12 col-xl-12 col-xs-12 col-sm-12 col-md-12 col-lg-12 bt_bb_vertical_align_top bt_bb_align_left bt_bb_padding_normal\" style=\"; --column-width:12;\" data-width=\"12\" data-bt-override-class=\"{}\"><div class=\"bt_bb_column_content\"><div class=\"bt_bb_column_content_inner\"><div class=\" bt_bb_row_inner\"   data-bt-override-class=\"{}\"><div class=\"bt_bb_row_inner_holder\"  ><div  class=\"bt_bb_column_inner col-xxl-12 col-xl-12 col-xs-12 col-sm-12 col-md-12 col-lg-12 bt_bb_vertical_align_top bt_bb_align_left bt_bb_padding_normal\"  data-width=\"12\" data-bt-override-class=\"{}\"><div class=\"bt_bb_column_inner_content\"><div class=\"bt_bb_column_inner_content_inner\"><div  class=\"bt_bb_text bt_bb_hidden_xs bt_bb_hidden_ms\" ><\/p>\n<div class=\"butoane\"><a class=\"inscriete\" href=\"https:\/\/forms.gle\/yhJoSBvEk3E5G9XN8\" target=\"_blank\" rel=\"noopener\"> | Register for the event<\/a><\/div>\n<p>\n<\/div><div  class=\"bt_bb_text bt_bb_hidden_sm bt_bb_hidden_md bt_bb_hidden_lg\" ><\/p>\n<div class=\"imobil\"><a class=\"inscriete\" href=\"https:\/\/forms.gle\/yhJoSBvEk3E5G9XN8\" target=\"_blank\" rel=\"noopener\"> | Register for the event<\/a><\/div>\n<p>\n<\/div><\/div><\/div><\/div><\/div><\/div><\/div><\/div><\/div><\/div><\/div><\/div><!-- cell_inner --><\/div><!-- cell --><\/div><!-- port --><\/section><\/p>\n","protected":false},"excerpt":{"rendered":"","protected":false},"author":1,"featured_media":0,"parent":0,"menu_order":0,"comment_status":"closed","ping_status":"closed","template":"","meta":[],"yoast_head":"<!-- This site is optimized with the Yoast SEO plugin v21.1 - https:\/\/yoast.com\/wordpress\/plugins\/seo\/ -->\n<title>Event - Atlasul profesiilor si competentelor in inverzire urbana<\/title>\n<meta name=\"robots\" content=\"index, follow, max-snippet:-1, max-image-preview:large, max-video-preview:-1\" \/>\n<link rel=\"canonical\" href=\"https:\/\/worldskills.ro\/atlasul-profesiilor-competentelor-inverzire-urbana\/event\/\" \/>\n<meta property=\"og:locale\" content=\"en_US\" \/>\n<meta property=\"og:type\" content=\"article\" \/>\n<meta property=\"og:title\" content=\"Event - Atlasul profesiilor si competentelor in inverzire urbana\" \/>\n<meta property=\"og:url\" content=\"https:\/\/worldskills.ro\/atlasul-profesiilor-competentelor-inverzire-urbana\/event\/\" \/>\n<meta property=\"og:site_name\" content=\"Atlasul profesiilor si competentelor in inverzire urbana\" \/>\n<meta property=\"article:modified_time\" content=\"2021-11-09T13:46:17+00:00\" \/>\n<meta property=\"og:image\" content=\"https:\/\/worldskills.ro\/atlasul-profesiilor-competentelor-inverzire-urbana\/wp-content\/uploads\/2021\/10\/hero-logo.png\" \/>\n<meta name=\"twitter:card\" content=\"summary_large_image\" \/>\n<meta name=\"twitter:label1\" content=\"Est. reading time\" \/>\n\t<meta name=\"twitter:data1\" content=\"10 minutes\" \/>\n<script type=\"application\/ld+json\" class=\"yoast-schema-graph\">{\"@context\":\"https:\/\/schema.org\",\"@graph\":[{\"@type\":\"WebPage\",\"@id\":\"https:\/\/worldskills.ro\/atlasul-profesiilor-competentelor-inverzire-urbana\/event\/\",\"url\":\"https:\/\/worldskills.ro\/atlasul-profesiilor-competentelor-inverzire-urbana\/event\/\",\"name\":\"Event - Atlasul profesiilor si competentelor in inverzire urbana\",\"isPartOf\":{\"@id\":\"https:\/\/worldskills.ro\/atlasul-profesiilor-competentelor-inverzire-urbana\/#website\"},\"datePublished\":\"2021-10-29T06:05:23+00:00\",\"dateModified\":\"2021-11-09T13:46:17+00:00\",\"breadcrumb\":{\"@id\":\"https:\/\/worldskills.ro\/atlasul-profesiilor-competentelor-inverzire-urbana\/event\/#breadcrumb\"},\"inLanguage\":\"en-US\",\"potentialAction\":[{\"@type\":\"ReadAction\",\"target\":[\"https:\/\/worldskills.ro\/atlasul-profesiilor-competentelor-inverzire-urbana\/event\/\"]}]},{\"@type\":\"BreadcrumbList\",\"@id\":\"https:\/\/worldskills.ro\/atlasul-profesiilor-competentelor-inverzire-urbana\/event\/#breadcrumb\",\"itemListElement\":[{\"@type\":\"ListItem\",\"position\":1,\"name\":\"Home\",\"item\":\"https:\/\/worldskills.ro\/atlasul-profesiilor-competentelor-inverzire-urbana\/\"},{\"@type\":\"ListItem\",\"position\":2,\"name\":\"Event\"}]},{\"@type\":\"WebSite\",\"@id\":\"https:\/\/worldskills.ro\/atlasul-profesiilor-competentelor-inverzire-urbana\/#website\",\"url\":\"https:\/\/worldskills.ro\/atlasul-profesiilor-competentelor-inverzire-urbana\/\",\"name\":\"Atlasul profesiilor si competentelor in inverzire urbana\",\"description\":\"\",\"potentialAction\":[{\"@type\":\"SearchAction\",\"target\":{\"@type\":\"EntryPoint\",\"urlTemplate\":\"https:\/\/worldskills.ro\/atlasul-profesiilor-competentelor-inverzire-urbana\/?s={search_term_string}\"},\"query-input\":\"required name=search_term_string\"}],\"inLanguage\":\"en-US\"}]}<\/script>\n<!-- \/ Yoast SEO plugin. -->","yoast_head_json":{"title":"Event - Atlasul profesiilor si competentelor in inverzire urbana","robots":{"index":"index","follow":"follow","max-snippet":"max-snippet:-1","max-image-preview":"max-image-preview:large","max-video-preview":"max-video-preview:-1"},"canonical":"https:\/\/worldskills.ro\/atlasul-profesiilor-competentelor-inverzire-urbana\/event\/","og_locale":"en_US","og_type":"article","og_title":"Event - Atlasul profesiilor si competentelor in inverzire urbana","og_url":"https:\/\/worldskills.ro\/atlasul-profesiilor-competentelor-inverzire-urbana\/event\/","og_site_name":"Atlasul profesiilor si competentelor in inverzire urbana","article_modified_time":"2021-11-09T13:46:17+00:00","og_image":[{"url":"https:\/\/worldskills.ro\/atlasul-profesiilor-competentelor-inverzire-urbana\/wp-content\/uploads\/2021\/10\/hero-logo.png"}],"twitter_card":"summary_large_image","twitter_misc":{"Est. reading time":"10 minutes"},"schema":{"@context":"https:\/\/schema.org","@graph":[{"@type":"WebPage","@id":"https:\/\/worldskills.ro\/atlasul-profesiilor-competentelor-inverzire-urbana\/event\/","url":"https:\/\/worldskills.ro\/atlasul-profesiilor-competentelor-inverzire-urbana\/event\/","name":"Event - Atlasul profesiilor si competentelor in inverzire urbana","isPartOf":{"@id":"https:\/\/worldskills.ro\/atlasul-profesiilor-competentelor-inverzire-urbana\/#website"},"datePublished":"2021-10-29T06:05:23+00:00","dateModified":"2021-11-09T13:46:17+00:00","breadcrumb":{"@id":"https:\/\/worldskills.ro\/atlasul-profesiilor-competentelor-inverzire-urbana\/event\/#breadcrumb"},"inLanguage":"en-US","potentialAction":[{"@type":"ReadAction","target":["https:\/\/worldskills.ro\/atlasul-profesiilor-competentelor-inverzire-urbana\/event\/"]}]},{"@type":"BreadcrumbList","@id":"https:\/\/worldskills.ro\/atlasul-profesiilor-competentelor-inverzire-urbana\/event\/#breadcrumb","itemListElement":[{"@type":"ListItem","position":1,"name":"Home","item":"https:\/\/worldskills.ro\/atlasul-profesiilor-competentelor-inverzire-urbana\/"},{"@type":"ListItem","position":2,"name":"Event"}]},{"@type":"WebSite","@id":"https:\/\/worldskills.ro\/atlasul-profesiilor-competentelor-inverzire-urbana\/#website","url":"https:\/\/worldskills.ro\/atlasul-profesiilor-competentelor-inverzire-urbana\/","name":"Atlasul profesiilor si competentelor in inverzire urbana","description":"","potentialAction":[{"@type":"SearchAction","target":{"@type":"EntryPoint","urlTemplate":"https:\/\/worldskills.ro\/atlasul-profesiilor-competentelor-inverzire-urbana\/?s={search_term_string}"},"query-input":"required name=search_term_string"}],"inLanguage":"en-US"}]}},"_links":{"self":[{"href":"https:\/\/worldskills.ro\/atlasul-profesiilor-competentelor-inverzire-urbana\/wp-json\/wp\/v2\/pages\/2869"}],"collection":[{"href":"https:\/\/worldskills.ro\/atlasul-profesiilor-competentelor-inverzire-urbana\/wp-json\/wp\/v2\/pages"}],"about":[{"href":"https:\/\/worldskills.ro\/atlasul-profesiilor-competentelor-inverzire-urbana\/wp-json\/wp\/v2\/types\/page"}],"author":[{"embeddable":true,"href":"https:\/\/worldskills.ro\/atlasul-profesiilor-competentelor-inverzire-urbana\/wp-json\/wp\/v2\/users\/1"}],"replies":[{"embeddable":true,"href":"https:\/\/worldskills.ro\/atlasul-profesiilor-competentelor-inverzire-urbana\/wp-json\/wp\/v2\/comments?post=2869"}],"version-history":[{"count":20,"href":"https:\/\/worldskills.ro\/atlasul-profesiilor-competentelor-inverzire-urbana\/wp-json\/wp\/v2\/pages\/2869\/revisions"}],"predecessor-version":[{"id":2956,"href":"https:\/\/worldskills.ro\/atlasul-profesiilor-competentelor-inverzire-urbana\/wp-json\/wp\/v2\/pages\/2869\/revisions\/2956"}],"wp:attachment":[{"href":"https:\/\/worldskills.ro\/atlasul-profesiilor-competentelor-inverzire-urbana\/wp-json\/wp\/v2\/media?parent=2869"}],"curies":[{"name":"wp","href":"https:\/\/api.w.org\/{rel}","templated":true}]}}