{"id":2742,"date":"2021-10-27T17:53:46","date_gmt":"2021-10-27T17:53:46","guid":{"rendered":"https:\/\/worldskills.ro\/atlasul-profesiilor-competentelor-inverzire-urbana\/?page_id=2742"},"modified":"2024-10-03T15:46:31","modified_gmt":"2024-10-03T15:46:31","slug":"contact","status":"publish","type":"page","link":"https:\/\/worldskills.ro\/gastronomiesustenabila\/contact\/","title":{"rendered":"Contact"},"content":{"rendered":"<section id=\"bt_bb_section69d4b615d263b\" class=\"bt_bb_section bt_bb_layout_boxed_1200 bt_bb_vertical_align_top bt_bb_top_spacing_100 bt_bb_bottom_spacing_30\" style=\";background-color:rgb(245,245,245);\" data-bt-override-class=\"null\"><div class=\"bt_bb_port\"><div class=\"bt_bb_cell\"><div class=\"bt_bb_cell_inner\"><div class=\"bt_bb_row \"  data-bt-override-class=\"{}\"><div class=\"bt_bb_row_holder\" ><div  class=\"bt_bb_column col-xxl-3 col-xl-3 col-xs-12 col-sm-12 col-md-12 col-lg-3 bt_bb_vertical_align_top bt_bb_align_left bt_bb_padding_normal\" style=\"; --column-width:3;\" data-width=\"3\" data-bt-override-class=\"{}\"><div class=\"bt_bb_column_content\"><div class=\"bt_bb_column_content_inner\"><\/div><\/div><\/div><div  class=\"bt_bb_column col-xxl-6 col-xl-6 col-xs-12 col-sm-12 col-md-12 col-lg-6 bt_bb_vertical_align_top bt_bb_align_left bt_bb_padding_normal\" style=\"; --column-width:6;\" data-width=\"6\" data-bt-override-class=\"{}\"><div class=\"bt_bb_column_content\"><div class=\"bt_bb_column_content_inner\"><div class=\"bt_bb_separator bt_bb_border_style_none bt_bb_top_spacing_30 bt_bb_bottom_spacing_10\" data-bt-override-class=\"null\"><\/div><div  class=\"bt_bb_text\" ><\/p>\n<div class=\"titlu-sectiune\" style=\"text-align: center\">Contact<\/div>\n<hr style=\"width: 140px;margin: 0 auto\" \/>\n<\/div><div class=\"bt_bb_separator bt_bb_border_style_none bt_bb_top_spacing_15 bt_bb_bottom_spacing_15\" data-bt-override-class=\"null\"><\/div><div  class=\"bt_bb_text\" ><\/p>\n<div class=\"contact-text\">Pentru informa\u021bii suplimentare v\u0103 rug\u0103m s\u0103 ne contacta\u021bi la:\u00a0<br \/>Director Programe Funda\u021bia WorldSkills Rom\u00e2nia<br \/>Victor Dumitrache \u2013 <a href=\"mailto:larisa.panait@worldskills.ro\">victor.dumitrache@worldskills.ro<\/a><\/div>\n<p>\n<\/div><div class=\"bt_bb_separator bt_bb_border_style_none bt_bb_top_spacing_15 bt_bb_bottom_spacing_15\" data-bt-override-class=\"null\"><\/div><div class=\"bt_bb_contact_form_7\"><p>Please install and activate Contact Form 7 plugin.<\/p><\/div><\/div><\/div><\/div><div  class=\"bt_bb_column col-xxl-3 col-xl-3 col-xs-12 col-sm-12 col-md-12 col-lg-3 bt_bb_vertical_align_top bt_bb_align_left bt_bb_padding_normal\" style=\"; --column-width:3;\" data-width=\"3\" data-bt-override-class=\"{}\"><div class=\"bt_bb_column_content\"><div class=\"bt_bb_column_content_inner\"><\/div><\/div><\/div><\/div><\/div><\/div><!-- cell_inner --><\/div><!-- cell --><\/div><!-- port --><\/section>\n","protected":false},"excerpt":{"rendered":"","protected":false},"author":1,"featured_media":0,"parent":0,"menu_order":0,"comment_status":"closed","ping_status":"closed","template":"","meta":[],"yoast_head":"<!-- This site is optimized with the Yoast SEO plugin v21.1 - https:\/\/yoast.com\/wordpress\/plugins\/seo\/ -->\n<title>Contact - Gastronomie sustenabil\u0103<\/title>\n<meta name=\"robots\" content=\"index, follow, max-snippet:-1, max-image-preview:large, max-video-preview:-1\" \/>\n<link rel=\"canonical\" href=\"https:\/\/worldskills.ro\/gastronomiesustenabila\/contact\/\" \/>\n<meta property=\"og:locale\" content=\"en_US\" \/>\n<meta property=\"og:type\" content=\"article\" \/>\n<meta property=\"og:title\" content=\"Contact - Gastronomie sustenabil\u0103\" \/>\n<meta property=\"og:url\" content=\"https:\/\/worldskills.ro\/gastronomiesustenabila\/contact\/\" \/>\n<meta property=\"og:site_name\" content=\"Gastronomie sustenabil\u0103\" \/>\n<meta property=\"article:modified_time\" content=\"2024-10-03T15:46:31+00:00\" \/>\n<meta name=\"twitter:card\" content=\"summary_large_image\" \/>\n<meta name=\"twitter:label1\" content=\"Est. reading time\" \/>\n\t<meta name=\"twitter:data1\" content=\"1 minute\" \/>\n<script type=\"application\/ld+json\" class=\"yoast-schema-graph\">{\"@context\":\"https:\/\/schema.org\",\"@graph\":[{\"@type\":\"WebPage\",\"@id\":\"https:\/\/worldskills.ro\/gastronomiesustenabila\/contact\/\",\"url\":\"https:\/\/worldskills.ro\/gastronomiesustenabila\/contact\/\",\"name\":\"Contact - Gastronomie sustenabil\u0103\",\"isPartOf\":{\"@id\":\"https:\/\/worldskills.ro\/gastronomiesustenabila\/#website\"},\"datePublished\":\"2021-10-27T17:53:46+00:00\",\"dateModified\":\"2024-10-03T15:46:31+00:00\",\"breadcrumb\":{\"@id\":\"https:\/\/worldskills.ro\/gastronomiesustenabila\/contact\/#breadcrumb\"},\"inLanguage\":\"en-US\",\"potentialAction\":[{\"@type\":\"ReadAction\",\"target\":[\"https:\/\/worldskills.ro\/gastronomiesustenabila\/contact\/\"]}]},{\"@type\":\"BreadcrumbList\",\"@id\":\"https:\/\/worldskills.ro\/gastronomiesustenabila\/contact\/#breadcrumb\",\"itemListElement\":[{\"@type\":\"ListItem\",\"position\":1,\"name\":\"Home\",\"item\":\"https:\/\/worldskills.ro\/gastronomiesustenabila\/\"},{\"@type\":\"ListItem\",\"position\":2,\"name\":\"Contact\"}]},{\"@type\":\"WebSite\",\"@id\":\"https:\/\/worldskills.ro\/gastronomiesustenabila\/#website\",\"url\":\"https:\/\/worldskills.ro\/gastronomiesustenabila\/\",\"name\":\"Gastronomie sustenabil\u0103\",\"description\":\"\",\"potentialAction\":[{\"@type\":\"SearchAction\",\"target\":{\"@type\":\"EntryPoint\",\"urlTemplate\":\"https:\/\/worldskills.ro\/gastronomiesustenabila\/?s={search_term_string}\"},\"query-input\":\"required name=search_term_string\"}],\"inLanguage\":\"en-US\"}]}<\/script>\n<!-- \/ Yoast SEO plugin. -->","yoast_head_json":{"title":"Contact - Gastronomie sustenabil\u0103","robots":{"index":"index","follow":"follow","max-snippet":"max-snippet:-1","max-image-preview":"max-image-preview:large","max-video-preview":"max-video-preview:-1"},"canonical":"https:\/\/worldskills.ro\/gastronomiesustenabila\/contact\/","og_locale":"en_US","og_type":"article","og_title":"Contact - Gastronomie sustenabil\u0103","og_url":"https:\/\/worldskills.ro\/gastronomiesustenabila\/contact\/","og_site_name":"Gastronomie sustenabil\u0103","article_modified_time":"2024-10-03T15:46:31+00:00","twitter_card":"summary_large_image","twitter_misc":{"Est. reading time":"1 minute"},"schema":{"@context":"https:\/\/schema.org","@graph":[{"@type":"WebPage","@id":"https:\/\/worldskills.ro\/gastronomiesustenabila\/contact\/","url":"https:\/\/worldskills.ro\/gastronomiesustenabila\/contact\/","name":"Contact - Gastronomie sustenabil\u0103","isPartOf":{"@id":"https:\/\/worldskills.ro\/gastronomiesustenabila\/#website"},"datePublished":"2021-10-27T17:53:46+00:00","dateModified":"2024-10-03T15:46:31+00:00","breadcrumb":{"@id":"https:\/\/worldskills.ro\/gastronomiesustenabila\/contact\/#breadcrumb"},"inLanguage":"en-US","potentialAction":[{"@type":"ReadAction","target":["https:\/\/worldskills.ro\/gastronomiesustenabila\/contact\/"]}]},{"@type":"BreadcrumbList","@id":"https:\/\/worldskills.ro\/gastronomiesustenabila\/contact\/#breadcrumb","itemListElement":[{"@type":"ListItem","position":1,"name":"Home","item":"https:\/\/worldskills.ro\/gastronomiesustenabila\/"},{"@type":"ListItem","position":2,"name":"Contact"}]},{"@type":"WebSite","@id":"https:\/\/worldskills.ro\/gastronomiesustenabila\/#website","url":"https:\/\/worldskills.ro\/gastronomiesustenabila\/","name":"Gastronomie sustenabil\u0103","description":"","potentialAction":[{"@type":"SearchAction","target":{"@type":"EntryPoint","urlTemplate":"https:\/\/worldskills.ro\/gastronomiesustenabila\/?s={search_term_string}"},"query-input":"required name=search_term_string"}],"inLanguage":"en-US"}]}},"_links":{"self":[{"href":"https:\/\/worldskills.ro\/gastronomiesustenabila\/wp-json\/wp\/v2\/pages\/2742"}],"collection":[{"href":"https:\/\/worldskills.ro\/gastronomiesustenabila\/wp-json\/wp\/v2\/pages"}],"about":[{"href":"https:\/\/worldskills.ro\/gastronomiesustenabila\/wp-json\/wp\/v2\/types\/page"}],"author":[{"embeddable":true,"href":"https:\/\/worldskills.ro\/gastronomiesustenabila\/wp-json\/wp\/v2\/users\/1"}],"replies":[{"embeddable":true,"href":"https:\/\/worldskills.ro\/gastronomiesustenabila\/wp-json\/wp\/v2\/comments?post=2742"}],"version-history":[{"count":13,"href":"https:\/\/worldskills.ro\/gastronomiesustenabila\/wp-json\/wp\/v2\/pages\/2742\/revisions"}],"predecessor-version":[{"id":3363,"href":"https:\/\/worldskills.ro\/gastronomiesustenabila\/wp-json\/wp\/v2\/pages\/2742\/revisions\/3363"}],"wp:attachment":[{"href":"https:\/\/worldskills.ro\/gastronomiesustenabila\/wp-json\/wp\/v2\/media?parent=2742"}],"curies":[{"name":"wp","href":"https:\/\/api.w.org\/{rel}","templated":true}]}}