{"id":3404,"date":"2025-02-28T12:24:12","date_gmt":"2025-02-28T12:24:12","guid":{"rendered":"https:\/\/worldskills.ro\/gastronomiesustenabila\/?page_id=3404"},"modified":"2025-10-17T12:50:43","modified_gmt":"2025-10-17T12:50:43","slug":"euroskills-herning-2025","status":"publish","type":"page","link":"https:\/\/worldskills.ro\/gastronomiesustenabila\/euroskills-herning-2025\/","title":{"rendered":"EuroSkills Herning 2025"},"content":{"rendered":"<p><section data-bb-version=\"4.9.1\" id=\"bt_bb_section69d4a0fce58a1\" class=\"bt_bb_section bt_bb_layout_wide bt_bb_vertical_align_top bt_bb_top_spacing_100\"  data-bt-override-class=\"null\"><div class=\"bt_bb_port\"><div class=\"bt_bb_cell\"><div class=\"bt_bb_cell_inner\"><div class=\"bt_bb_row \"  data-bt-override-class=\"{}\"><div class=\"bt_bb_row_holder\" ><div data-bb-version=\"4.9.1\"  class=\"bt_bb_column col-xxl-12 col-xl-12 col-xs-12 col-sm-12 col-md-12 col-lg-12 main-banner bt_bb_vertical_align_top bt_bb_align_left btLazyLoadBackground bt_bb_column_background_image bt_bb_padding_normal\" style=\"background-image:url(&#039;https:\/\/worldskills.ro\/gastronomiesustenabila\/wp-content\/plugins\/bold-page-builder\/img\/blank.gif&#039;);; --column-width:12;\" data-background_image_src='https:\/\/worldskills.ro\/gastronomiesustenabila\/wp-content\/uploads\/2024\/04\/2-1-1-min.png' data-width=\"12\" data-bt-override-class=\"{&quot;bt_bb_align_&quot;:{&quot;current_class&quot;:&quot;bt_bb_align_left&quot;,&quot;xxl&quot;:&quot;left&quot;}}\"><div class=\"bt_bb_column_content\"><div class=\"bt_bb_column_content_inner\"><div class=\"bt_bb_separator bt_bb_border_style_none bt_bb_top_spacing_30 bt_bb_bottom_spacing_30\" data-bt-override-class=\"null\"><\/div><div data-bb-version=\"4.9.0\" class=\" bt_bb_row_inner bt_bb_row_width_boxed_1400\"   data-bt-override-class=\"{}\"><div class=\"bt_bb_row_inner_holder\"  ><div  class=\"bt_bb_column_inner col-xxl-6 col-xl-6 col-xs-12 col-sm-6 col-md-6 col-lg-6 bt_bb_vertical_align_top bt_bb_align_left bt_bb_padding_normal\"  data-width=\"6\" data-bt-override-class=\"{}\"><div class=\"bt_bb_column_inner_content\"><div class=\"bt_bb_column_inner_content_inner\"><div  class=\"bt_bb_text\" ><\/p>\n<div class=\"main-title-page\">Participarea Rom\u00e2niei la Olimpiada European\u0103<br \/>de Meserii<br \/>EuroSkills Herning 2025<\/div>\n<p>\n<\/div><\/div><\/div><\/div><div  class=\"bt_bb_column_inner col-xxl-6 col-xl-6 col-xs-12 col-sm-6 col-md-6 col-lg-6 bt_bb_vertical_align_top bt_bb_align_left bt_bb_padding_normal\"  data-width=\"6\" data-bt-override-class=\"{}\"><div class=\"bt_bb_column_inner_content\"><div class=\"bt_bb_column_inner_content_inner\"><\/div><\/div><\/div><\/div><\/div><div class=\"bt_bb_separator bt_bb_border_style_none bt_bb_top_spacing_20 bt_bb_bottom_spacing_20\" data-bt-override-class=\"null\"><\/div><div data-bb-version=\"4.9.1\" class=\" bt_bb_row_inner bt_bb_row_width_boxed_1400\"   data-bt-override-class=\"{}\"><div class=\"bt_bb_row_inner_holder\"  ><div  class=\"bt_bb_column_inner col-xxl-6 col-xl-6 col-xs-12 col-sm-6 col-md-6 col-lg-6 bt_bb_vertical_align_top bt_bb_align_left bt_bb_padding_normal\"  data-width=\"6\" data-bt-override-class=\"{}\"><div class=\"bt_bb_column_inner_content\"><div class=\"bt_bb_column_inner_content_inner\"><div class=\"bt_bb_separator bt_bb_border_style_none bt_bb_top_spacing_10 bt_bb_bottom_spacing_10\" data-bt-override-class=\"null\"><\/div><div  class=\"bt_bb_text bt_bb_hidden_xs bt_bb_hidden_ms\" ><\/p>\n<div class=\"butoane\">\n<div class=\"download-raport\"><a href=\"https:\/\/euroskills2025.com\/\">EuroSkills Herning 2025<\/a><\/div>\n<div><\/div>\n<\/div>\n<div class=\"butoane\">\n<div class=\"download-raport\"><a class=\"\" href=\"https:\/\/worldskills.ro\/gastronomiesustenabila\/liceu\/\"> Descoper\u0103 programul<\/a><\/div>\n<\/div>\n<p>\n<\/div><div  class=\"bt_bb_text bt_bb_hidden_sm bt_bb_hidden_md bt_bb_hidden_lg\" ><\/p>\n<div class=\"dmobil\"><a class=\"download-raport\" href=\"\/program-la-clasa\/\"> Descoper\u0103 programul<\/a><\/div>\n<div class=\"imobil\"><a class=\"inscriete\" href=\"https:\/\/docs.google.com\/forms\/d\/e\/1FAIpQLSdT9zbw6Xmq8Lzx1_oA8yqtddPoo6bGb3P_vOQJKyYGZQq0HQ\/viewform\" target=\"_blank\" rel=\"noopener\"> Vreau sa m\u0103 \u00eenscriu!<\/a><\/div>\n<p>\n<\/div><\/div><\/div><\/div><div  class=\"bt_bb_column_inner col-xxl-6 col-xl-6 col-xs-12 col-sm-6 col-md-6 col-lg-6 bt_bb_vertical_align_top bt_bb_align_left bt_bb_padding_normal\"  data-width=\"6\" data-bt-override-class=\"{}\"><div class=\"bt_bb_column_inner_content\"><div class=\"bt_bb_column_inner_content_inner\"><\/div><\/div><\/div><\/div><\/div><div class=\"bt_bb_separator bt_bb_border_style_none bt_bb_top_spacing_30 bt_bb_bottom_spacing_30\" data-bt-override-class=\"null\"><\/div><\/div><\/div><\/div><\/div><\/div><\/div><!-- cell_inner --><\/div><!-- cell --><\/div><!-- port --><\/section><section id=\"bt_bb_section69d4a0fce5fbf\" class=\"bt_bb_section bt_bb_layout_boxed_1200 bt_bb_vertical_align_top bt_bb_top_spacing_40 bt_bb_bottom_spacing_40\" style=\";background-color:rgb(245,245,245);\" data-bt-override-class=\"null\"><div class=\"bt_bb_port\"><div class=\"bt_bb_cell\"><div class=\"bt_bb_cell_inner\"><div class=\"bt_bb_row \"  data-bt-override-class=\"{}\"><div class=\"bt_bb_row_holder\" ><div  class=\"bt_bb_column col-xxl-12 col-xl-12 col-xs-12 col-sm-12 col-md-12 col-lg-12 bt_bb_vertical_align_top bt_bb_align_left bt_bb_padding_normal\" style=\"; --column-width:12;\" data-width=\"12\" data-bt-override-class=\"{}\"><div class=\"bt_bb_column_content\"><div class=\"bt_bb_column_content_inner\"><div  class=\"bt_bb_text\" ><\/p>\n<p>\u00a0<\/p>\n<div class=\"x11i5rnm xat24cr x1mh8g0r x1vvkbs xtlvy1s x126k92a\">\n<p><span style=\"font-weight: 400\"><img decoding=\"async\" loading=\"lazy\" class=\" wp-image-3609 alignleft\" src=\"https:\/\/worldskills.ro\/gastronomiesustenabila\/wp-content\/uploads\/2025\/10\/IMG_2947-640x427.jpg\" alt=\"\" width=\"574\" height=\"383\" srcset=\"https:\/\/worldskills.ro\/gastronomiesustenabila\/wp-content\/uploads\/2025\/10\/IMG_2947-640x427.jpg 640w, https:\/\/worldskills.ro\/gastronomiesustenabila\/wp-content\/uploads\/2025\/10\/IMG_2947-1280x853.jpg 1280w, https:\/\/worldskills.ro\/gastronomiesustenabila\/wp-content\/uploads\/2025\/10\/IMG_2947-768x512.jpg 768w, https:\/\/worldskills.ro\/gastronomiesustenabila\/wp-content\/uploads\/2025\/10\/IMG_2947-1536x1024.jpg 1536w, https:\/\/worldskills.ro\/gastronomiesustenabila\/wp-content\/uploads\/2025\/10\/IMG_2947-320x213.jpg 320w, https:\/\/worldskills.ro\/gastronomiesustenabila\/wp-content\/uploads\/2025\/10\/IMG_2947.jpg 1620w\" sizes=\"(max-width: 574px) 100vw, 574px\" \/>Olimpiada European\u0103 de Meserii <a href=\"https:\/\/www.facebook.com\/profile.php?id=100089995302752&amp;__cft__%5B0%5D=AZXgyhvWAdglocwufi5JRBmYeL3_pVEeInO3qaqCJNmzbpHgSHDr8N-JyrEz767CaBTSltcHVthW9g-haD-_vTBCqOQD2CA3NuJ23iNZlVjHhXxKCLkvhwrPOaSGdcfop-FHbwLegYuhBl7DpfbzMRcMN8AfLjVfX593nps5owcINtfOTCbpfh5oko180UlUpoI&amp;__tn__=-%5DK-R\">EuroSkills Herning 2025<\/a> este cea de-a noua edi\u021bie a competi\u021biei bienale EuroSkills \u2013 cel mai mare eveniment dedicat educa\u021biei \u0219i form\u0103rii profesionale \u0219i excelen\u021bei \u00een meserii din Europa.<\/span><\/p>\n<p><span style=\"font-weight: 400\">Desf\u0103\u0219urat la fiecare doi ani \u0219i organizat de <\/span><a href=\"https:\/\/www.facebook.com\/WorldSkillsEurope?__cft__%5B0%5D=AZXgyhvWAdglocwufi5JRBmYeL3_pVEeInO3qaqCJNmzbpHgSHDr8N-JyrEz767CaBTSltcHVthW9g-haD-_vTBCqOQD2CA3NuJ23iNZlVjHhXxKCLkvhwrPOaSGdcfop-FHbwLegYuhBl7DpfbzMRcMN8AfLjVfX593nps5owcINtfOTCbpfh5oko180UlUpoI&amp;__tn__=-%5DK-R\"><span style=\"font-weight: 400\">WorldSkills Europe<\/span><\/a><span style=\"font-weight: 400\"> \u00eempreun\u0103 cu 32 de \u021b\u0103ri membre, EuroSkills a reunit sute de tineri de pe tot continentul care au concurat pentru \u0219ansa de a deveni cei mai buni din Europa \u00een domeniul lor.<\/span><\/p>\n<p><a href=\"https:\/\/www.facebook.com\/profile.php?id=100089995302752&amp;__cft__%5B0%5D=AZXgyhvWAdglocwufi5JRBmYeL3_pVEeInO3qaqCJNmzbpHgSHDr8N-JyrEz767CaBTSltcHVthW9g-haD-_vTBCqOQD2CA3NuJ23iNZlVjHhXxKCLkvhwrPOaSGdcfop-FHbwLegYuhBl7DpfbzMRcMN8AfLjVfX593nps5owcINtfOTCbpfh5oko180UlUpoI&amp;__tn__=-%5DK-R\">EuroSkills Herning 2025<\/a> a cuprins 38 de sec\u021biuni (meserii) diferite \u00een care au concurat peste 600 de tineri profesioni\u0219ti, elevi \u0219i studen\u021bi cu v\u00e2rsta sub 25 de ani, din 32 de \u021b\u0103ri. Mai mult, au participat aproximativ 100.000 de vizitatori din toat\u0103 Danemarca \u0219i alte \u021b\u0103ri europene.<\/p>\n<\/div>\n<p>\u00a0<\/p>\n<p>\u00a0<\/p>\n<p>\u00a0<\/p>\n<p><span style=\"font-weight: 400\"><strong><img decoding=\"async\" loading=\"lazy\" class=\"wp-image-3605 alignright\" src=\"https:\/\/worldskills.ro\/gastronomiesustenabila\/wp-content\/uploads\/2025\/10\/IMG_2617-1-640x960.jpg\" alt=\"\" width=\"292\" height=\"439\" srcset=\"https:\/\/worldskills.ro\/gastronomiesustenabila\/wp-content\/uploads\/2025\/10\/IMG_2617-1-640x960.jpg 640w, https:\/\/worldskills.ro\/gastronomiesustenabila\/wp-content\/uploads\/2025\/10\/IMG_2617-1-768x1152.jpg 768w, https:\/\/worldskills.ro\/gastronomiesustenabila\/wp-content\/uploads\/2025\/10\/IMG_2617-1-1024x1536.jpg 1024w, https:\/\/worldskills.ro\/gastronomiesustenabila\/wp-content\/uploads\/2025\/10\/IMG_2617-1-320x480.jpg 320w, https:\/\/worldskills.ro\/gastronomiesustenabila\/wp-content\/uploads\/2025\/10\/IMG_2617-1-rotated.jpg 1080w\" sizes=\"(max-width: 292px) 100vw, 292px\" \/>Doru Lucian Nasta<\/strong>, de la <\/span><i><span style=\"font-weight: 400\">Colegiul Economic Viilor <\/span><\/i><span style=\"font-weight: 400\">din Bucure\u0219ti (prof. coordonator Monica Dinu), a reprezentat Rom\u00e2nia la sec\u021biunea Cooking \u00een cadrul Olimpiadei Europene de Meserii <\/span><a href=\"https:\/\/www.facebook.com\/profile.php?id=100089995302752&amp;__cft__%5B0%5D=AZXgyhvWAdglocwufi5JRBmYeL3_pVEeInO3qaqCJNmzbpHgSHDr8N-JyrEz767CaBTSltcHVthW9g-haD-_vTBCqOQD2CA3NuJ23iNZlVjHhXxKCLkvhwrPOaSGdcfop-FHbwLegYuhBl7DpfbzMRcMN8AfLjVfX593nps5owcINtfOTCbpfh5oko180UlUpoI&amp;__tn__=-%5DK-R\"><span style=\"font-weight: 400\">EuroSkills Herning 2025<\/span><\/a><span style=\"font-weight: 400\">, <strong>cu sprijinul Carrefour Rom\u00e2nia.<\/strong> Doru este antrenat de <strong>Chef Florin Kiss, expert WorldSkills<\/strong> \u00een aceea\u0219i sec\u021biune, fiind parte din <strong>Lotul Na\u021bional Worldskills de Gastronomie Sustenabil\u0103<\/strong>, \u00een urma particip\u0103rii la Competi\u021bia WorldSkills de Gastronomie Sustenabil\u0103 din luna aprilie 2024.<\/span><\/p>\n<p><span style=\"font-weight: 400\">\u00cen cadrul programului de preg\u0103tire intensiv\u0103 pentru <strong>EuroSkills 202<\/strong>5, Doru a participat la competi\u021bii de antrenament \u00een str\u0103in\u0103tate \u0219i la stagii de antrenament al\u0103turi de <strong>Chef Florin Kiss.<\/strong><\/span><\/p>\n<p><span style=\"font-weight: 400\">Printre competi\u021biile la care a participat Doru se num\u0103r\u0103 Olimpiada Na\u021bional\u0103 pentru Meserii WorldSkills Belgia <a href=\"https:\/\/www.facebook.com\/WorldSkillsRomania\/posts\/pfbid02vFyptgHWazkL2UnXH7FwZa2aQdVa8JS1SexcCtP176RxKiEhr4eEY4xV2SYqX3Kwl\">Startech Days 2024<\/a> unde a participat \u00een cadrul <i>International Challenge, <\/i>dar \u0219i Competi\u021bia IIHM International <a href=\"https:\/\/www.facebook.com\/WorldSkillsRomania\/posts\/pfbid0xFrTWvxZ23kwuH75cA2jZa84jRq7XnJrP4HhzNjA2ZVH74jumj4dsThwzK6VmdYxl\">Young Chef Olympiad 2025<\/a> din India, evenimente la care a avut ocazia s\u0103 aplice tehnici moderne de g\u0103tit, \u00eentr-un mediu competitiv care respect\u0103 standardele competi\u021biilor WorldSkills.<br \/>\n<\/span><\/p>\n<p><span style=\"font-weight: 400\">\u00cen aceste competi\u021bii Doru a trecut prin multiple probe \u0219i teste de vitez\u0103 \u2013 de la preparate tradi\u021bional rom\u00e2ne\u0219ti duse peste hotare, feluri principale vegetariane complexe, dar \u0219i dish-uri de tip street food care i-au testat rapiditatea \u0219i adaptabilitate, deserturi cu l\u0103m\u00e2ie sau desert choux \u2013 fiecare zi de competi\u021bie aduc\u00e2nd noi lec\u021bii pentru el. Competi\u021biile de antrenament nu numai c\u0103 i-au provocat abilit\u0103\u021bile gastronomice, dar i-au adus \u0219i momente pline de emo\u021bie \u0219i entuziasm, unde Doru a avut ocazia s\u0103 cunoasc\u0103 al\u021bi tineri buc\u0103tari talenta\u021bi din \u00eentreaga lume.<\/span><\/p>\n<p>\u00a0<\/p>\n<p><span style=\"font-weight: 400\"><img decoding=\"async\" loading=\"lazy\" class=\" wp-image-3607 alignleft\" src=\"https:\/\/worldskills.ro\/gastronomiesustenabila\/wp-content\/uploads\/2025\/10\/IMG_3082-640x427.jpg\" alt=\"\" width=\"554\" height=\"369\" srcset=\"https:\/\/worldskills.ro\/gastronomiesustenabila\/wp-content\/uploads\/2025\/10\/IMG_3082-640x427.jpg 640w, https:\/\/worldskills.ro\/gastronomiesustenabila\/wp-content\/uploads\/2025\/10\/IMG_3082-1280x853.jpg 1280w, https:\/\/worldskills.ro\/gastronomiesustenabila\/wp-content\/uploads\/2025\/10\/IMG_3082-768x512.jpg 768w, https:\/\/worldskills.ro\/gastronomiesustenabila\/wp-content\/uploads\/2025\/10\/IMG_3082-1536x1024.jpg 1536w, https:\/\/worldskills.ro\/gastronomiesustenabila\/wp-content\/uploads\/2025\/10\/IMG_3082-320x213.jpg 320w, https:\/\/worldskills.ro\/gastronomiesustenabila\/wp-content\/uploads\/2025\/10\/IMG_3082.jpg 1620w\" sizes=\"(max-width: 554px) 100vw, 554px\" \/>\u00cen cadrul celor 3 zile de competi\u021bie de la <strong>Euroskills Herning 2025<\/strong><\/span><span style=\"font-weight: 400\">, Doru a demonstrat excelen\u021b\u0103 culinar\u0103, aten\u021bie la detalii, profesionalism \u0219i lu<\/span><span style=\"font-weight: 400\">cru optim sub presiune. \u00cen prima zi, a avut de realizat un antreu rece, somon Bellevue, urmat <\/span><span style=\"font-weight: 400\">de un fel principal cu \u0219al\u0103u, provoc\u00e2ndu-l s\u0103 \u00eembine tehnica \u0219i prezentarea impecabil\u0103 a farfuriei. Ziua a doua a testat creativitatea printr-un antreu vegetarian cu morcov, ravioli cu ingredient surpriz\u0103 \u0219i o tart\u0103 de l\u0103m\u00e2ie deconstruit\u0103. Ziua a treia, cea mai dificil\u0103, a inclus un fel principal cu carne de pas\u0103re. \u00cen cele din urm\u0103, \u00eencheierea competi\u021biei s-a realizat printr-un desert extrem de tehnic \u2013 ecler cu crem\u0103 de ciocolat\u0103 \u2013, evaluat dup\u0103 cinci criterii stricte de dimensiune, consisten\u021b\u0103 \u0219i decor.<br \/>\n<\/span><\/p>\n<p><span style=\"font-weight: 400\">Suntem m\u00e2ndri de performan\u021ba lui Doru \u0219i suntem recunosc\u0103tori c\u0103 l-am avut ca\u00a0 reprezentant al \u021b\u0103rii noastre la nivel interna\u021bional! Suntem convin\u0219i c\u0103 aceast\u0103 experien\u021b\u0103, \u00eempreun\u0103 cu dedicarea, pasiunea, profesionalismul \u0219i tehnicalitatea de care acesta a dat dovad\u0103, \u00eel vor duce departe \u00een lume, spre un viitor luminos \u0219i de succes!<\/span><\/p>\n<p><br style=\"font-weight: 400\" \/><br style=\"font-weight: 400\" \/><\/p>\n<p>\n<\/div><div class=\"bt_bb_separator bt_bb_border_style_none bt_bb_top_spacing_5 bt_bb_bottom_spacing_5\" data-bt-override-class=\"null\"><\/div><div data-bb-version=\"5.3.7\" class=\"bt_bb_slider bt_bb_height_auto bt_bb_show_dots_bottom bt_bb_animation_fade animate\"><div class=\"slick-slider fade\"  data-slick='{ \"lazyLoad\": \"progressive\", \"cssEase\": \"ease-out\", \"speed\": \"300\", \"fade\": true, \"adaptiveHeight\": true, \"dots\": true, \"prevArrow\": \"&lt;button type=\\\"button\\\" class=\\\"slick-prev\\\" aria-label=\\\"Previous\\\" tabindex=\\\"0\\\" role=\\\"button\\\"&gt;&lt;\/button&gt;\", \"nextArrow\": \"&lt;button type=\\\"button\\\" class=\\\"slick-next\\\" aria-label=\\\"Next\\\" tabindex=\\\"0\\\" role=\\\"button\\\"&gt;&lt;\/button&gt;\", \"autoplay\": true, \"autoplaySpeed\": 2000}' ><div class=\"bt_bb_slider_item\" data-src-full=\"https:\/\/worldskills.ro\/gastronomiesustenabila\/wp-content\/uploads\/2025\/10\/1-1.jpg\"><img src=\"https:\/\/worldskills.ro\/gastronomiesustenabila\/wp-content\/uploads\/2025\/10\/1-1.jpg\" alt=\"1\"  title=\"1\"><\/div><div class=\"bt_bb_slider_item\" data-src-full=\"https:\/\/worldskills.ro\/gastronomiesustenabila\/wp-content\/uploads\/2025\/10\/2-scaled.jpeg\"><img src=\"https:\/\/worldskills.ro\/gastronomiesustenabila\/wp-content\/uploads\/2025\/10\/2-scaled.jpeg\" alt=\"2\"  title=\"2\"><\/div><div class=\"bt_bb_slider_item\" data-src-full=\"https:\/\/worldskills.ro\/gastronomiesustenabila\/wp-content\/uploads\/2025\/10\/3-1.jpg\"><img src=\"https:\/\/worldskills.ro\/gastronomiesustenabila\/wp-content\/uploads\/2025\/10\/3-1.jpg\" alt=\"3\"  title=\"3\"><\/div><div class=\"bt_bb_slider_item\" data-src-full=\"https:\/\/worldskills.ro\/gastronomiesustenabila\/wp-content\/uploads\/2025\/10\/4-1-rotated.jpg\"><img src=\"https:\/\/worldskills.ro\/gastronomiesustenabila\/wp-content\/uploads\/2025\/10\/4-1-rotated.jpg\" alt=\"4\"  title=\"4\"><\/div><div class=\"bt_bb_slider_item\" data-src-full=\"https:\/\/worldskills.ro\/gastronomiesustenabila\/wp-content\/uploads\/2025\/10\/5-1.jpg\"><img src=\"https:\/\/worldskills.ro\/gastronomiesustenabila\/wp-content\/uploads\/2025\/10\/5-1.jpg\" alt=\"5\"  title=\"5\"><\/div><div class=\"bt_bb_slider_item\" data-src-full=\"https:\/\/worldskills.ro\/gastronomiesustenabila\/wp-content\/uploads\/2025\/10\/6-1.jpg\"><img src=\"https:\/\/worldskills.ro\/gastronomiesustenabila\/wp-content\/uploads\/2025\/10\/6-1.jpg\" alt=\"6\"  title=\"6\"><\/div><\/div><\/div><div data-bb-version=\"4.9.1\" class=\"bt_bb_separator bt_bb_border_style_solid bt_bb_top_spacing_extra_small bt_bb_bottom_spacing_extra_small\" data-bt-override-class=\"{&quot;bt_bb_top_spacing_&quot;:{&quot;current_class&quot;:&quot;bt_bb_top_spacing_extra_small&quot;,&quot;xxl&quot;:&quot;extra_small&quot;},&quot;bt_bb_bottom_spacing_&quot;:{&quot;current_class&quot;:&quot;bt_bb_bottom_spacing_extra_small&quot;,&quot;xxl&quot;:&quot;extra_small&quot;}}\"><\/div><\/div><\/div><\/div><\/div><\/div><\/div><!-- cell_inner --><\/div><!-- cell --><\/div><!-- port --><\/section><section id=\"bt_bb_section69d4a0fce6d77\" class=\"bt_bb_section bt_bb_layout_boxed_1200 bt_bb_vertical_align_top bt_bb_top_spacing_50 bt_bb_bottom_spacing_50\" style=\";background-color:rgb(245,245,245);\" data-bt-override-class=\"null\"><div class=\"bt_bb_port\"><div class=\"bt_bb_cell\"><div class=\"bt_bb_cell_inner\"><div class=\"bt_bb_row \"  data-bt-override-class=\"{}\"><div class=\"bt_bb_row_holder\" ><div  class=\"bt_bb_column col-xxl-12 col-xl-12 col-xs-12 col-sm-12 col-md-12 col-lg-12 bt_bb_vertical_align_top bt_bb_align_left bt_bb_padding_normal\" style=\"; --column-width:12;\" data-width=\"12\" data-bt-override-class=\"{}\"><div class=\"bt_bb_column_content\"><div class=\"bt_bb_column_content_inner\"><div class=\" bt_bb_row_inner\"   data-bt-override-class=\"{}\"><div class=\"bt_bb_row_inner_holder\"  ><div  class=\"bt_bb_column_inner col-xxl-12 col-xl-12 col-xs-12 col-sm-12 col-md-12 col-lg-12 bt_bb_vertical_align_top bt_bb_align_left bt_bb_padding_normal\"  data-width=\"12\" data-bt-override-class=\"{}\"><div class=\"bt_bb_column_inner_content\"><div class=\"bt_bb_column_inner_content_inner\"><div  class=\"bt_bb_text bt_bb_hidden_xs bt_bb_hidden_ms\" ><\/p>\n<div class=\"butoanejos\" style=\"text-align: center\"><a class=\"download-raport\" href=\"\/gastronomiesustenabila\/program-la-clasa\/\"> Descoper\u0103 programul<\/a><\/div>\n<p>\n<\/div><div  class=\"bt_bb_text bt_bb_hidden_sm bt_bb_hidden_md bt_bb_hidden_lg\" ><\/p>\n<div class=\"dmobil\"><a class=\"download-raport\" href=\"\/gastronomiesustenabila\/program-la-clasa\/\"> Descoper\u0103 programul<\/a><\/div>\n<p>\n<\/div><\/div><\/div><\/div><\/div><\/div><\/div><\/div><\/div><\/div><\/div><\/div><!-- cell_inner --><\/div><!-- cell --><\/div><!-- port --><\/section><\/p>\n","protected":false},"excerpt":{"rendered":"","protected":false},"author":3,"featured_media":0,"parent":0,"menu_order":0,"comment_status":"closed","ping_status":"closed","template":"","meta":[],"yoast_head":"<!-- This site is optimized with the Yoast SEO plugin v21.1 - https:\/\/yoast.com\/wordpress\/plugins\/seo\/ -->\n<title>EuroSkills Herning 2025 - Gastronomie sustenabil\u0103<\/title>\n<meta name=\"robots\" content=\"index, follow, max-snippet:-1, max-image-preview:large, max-video-preview:-1\" \/>\n<link rel=\"canonical\" href=\"https:\/\/worldskills.ro\/gastronomiesustenabila\/euroskills-herning-2025\/\" \/>\n<meta property=\"og:locale\" content=\"en_US\" \/>\n<meta property=\"og:type\" content=\"article\" \/>\n<meta property=\"og:title\" content=\"EuroSkills Herning 2025 - Gastronomie sustenabil\u0103\" \/>\n<meta property=\"og:url\" content=\"https:\/\/worldskills.ro\/gastronomiesustenabila\/euroskills-herning-2025\/\" \/>\n<meta property=\"og:site_name\" content=\"Gastronomie sustenabil\u0103\" \/>\n<meta property=\"article:modified_time\" content=\"2025-10-17T12:50:43+00:00\" \/>\n<meta property=\"og:image\" content=\"https:\/\/worldskills.ro\/gastronomiesustenabila\/wp-content\/uploads\/2025\/10\/IMG_2947-640x427.jpg\" \/>\n<meta name=\"twitter:card\" content=\"summary_large_image\" \/>\n<meta name=\"twitter:label1\" content=\"Est. reading time\" \/>\n\t<meta name=\"twitter:data1\" content=\"5 minutes\" \/>\n<script type=\"application\/ld+json\" class=\"yoast-schema-graph\">{\"@context\":\"https:\/\/schema.org\",\"@graph\":[{\"@type\":\"WebPage\",\"@id\":\"https:\/\/worldskills.ro\/gastronomiesustenabila\/euroskills-herning-2025\/\",\"url\":\"https:\/\/worldskills.ro\/gastronomiesustenabila\/euroskills-herning-2025\/\",\"name\":\"EuroSkills Herning 2025 - Gastronomie sustenabil\u0103\",\"isPartOf\":{\"@id\":\"https:\/\/worldskills.ro\/gastronomiesustenabila\/#website\"},\"datePublished\":\"2025-02-28T12:24:12+00:00\",\"dateModified\":\"2025-10-17T12:50:43+00:00\",\"breadcrumb\":{\"@id\":\"https:\/\/worldskills.ro\/gastronomiesustenabila\/euroskills-herning-2025\/#breadcrumb\"},\"inLanguage\":\"en-US\",\"potentialAction\":[{\"@type\":\"ReadAction\",\"target\":[\"https:\/\/worldskills.ro\/gastronomiesustenabila\/euroskills-herning-2025\/\"]}]},{\"@type\":\"BreadcrumbList\",\"@id\":\"https:\/\/worldskills.ro\/gastronomiesustenabila\/euroskills-herning-2025\/#breadcrumb\",\"itemListElement\":[{\"@type\":\"ListItem\",\"position\":1,\"name\":\"Home\",\"item\":\"https:\/\/worldskills.ro\/gastronomiesustenabila\/\"},{\"@type\":\"ListItem\",\"position\":2,\"name\":\"EuroSkills Herning 2025\"}]},{\"@type\":\"WebSite\",\"@id\":\"https:\/\/worldskills.ro\/gastronomiesustenabila\/#website\",\"url\":\"https:\/\/worldskills.ro\/gastronomiesustenabila\/\",\"name\":\"Gastronomie sustenabil\u0103\",\"description\":\"\",\"potentialAction\":[{\"@type\":\"SearchAction\",\"target\":{\"@type\":\"EntryPoint\",\"urlTemplate\":\"https:\/\/worldskills.ro\/gastronomiesustenabila\/?s={search_term_string}\"},\"query-input\":\"required name=search_term_string\"}],\"inLanguage\":\"en-US\"}]}<\/script>\n<!-- \/ Yoast SEO plugin. -->","yoast_head_json":{"title":"EuroSkills Herning 2025 - Gastronomie sustenabil\u0103","robots":{"index":"index","follow":"follow","max-snippet":"max-snippet:-1","max-image-preview":"max-image-preview:large","max-video-preview":"max-video-preview:-1"},"canonical":"https:\/\/worldskills.ro\/gastronomiesustenabila\/euroskills-herning-2025\/","og_locale":"en_US","og_type":"article","og_title":"EuroSkills Herning 2025 - Gastronomie sustenabil\u0103","og_url":"https:\/\/worldskills.ro\/gastronomiesustenabila\/euroskills-herning-2025\/","og_site_name":"Gastronomie sustenabil\u0103","article_modified_time":"2025-10-17T12:50:43+00:00","og_image":[{"url":"https:\/\/worldskills.ro\/gastronomiesustenabila\/wp-content\/uploads\/2025\/10\/IMG_2947-640x427.jpg"}],"twitter_card":"summary_large_image","twitter_misc":{"Est. reading time":"5 minutes"},"schema":{"@context":"https:\/\/schema.org","@graph":[{"@type":"WebPage","@id":"https:\/\/worldskills.ro\/gastronomiesustenabila\/euroskills-herning-2025\/","url":"https:\/\/worldskills.ro\/gastronomiesustenabila\/euroskills-herning-2025\/","name":"EuroSkills Herning 2025 - Gastronomie sustenabil\u0103","isPartOf":{"@id":"https:\/\/worldskills.ro\/gastronomiesustenabila\/#website"},"datePublished":"2025-02-28T12:24:12+00:00","dateModified":"2025-10-17T12:50:43+00:00","breadcrumb":{"@id":"https:\/\/worldskills.ro\/gastronomiesustenabila\/euroskills-herning-2025\/#breadcrumb"},"inLanguage":"en-US","potentialAction":[{"@type":"ReadAction","target":["https:\/\/worldskills.ro\/gastronomiesustenabila\/euroskills-herning-2025\/"]}]},{"@type":"BreadcrumbList","@id":"https:\/\/worldskills.ro\/gastronomiesustenabila\/euroskills-herning-2025\/#breadcrumb","itemListElement":[{"@type":"ListItem","position":1,"name":"Home","item":"https:\/\/worldskills.ro\/gastronomiesustenabila\/"},{"@type":"ListItem","position":2,"name":"EuroSkills Herning 2025"}]},{"@type":"WebSite","@id":"https:\/\/worldskills.ro\/gastronomiesustenabila\/#website","url":"https:\/\/worldskills.ro\/gastronomiesustenabila\/","name":"Gastronomie sustenabil\u0103","description":"","potentialAction":[{"@type":"SearchAction","target":{"@type":"EntryPoint","urlTemplate":"https:\/\/worldskills.ro\/gastronomiesustenabila\/?s={search_term_string}"},"query-input":"required name=search_term_string"}],"inLanguage":"en-US"}]}},"_links":{"self":[{"href":"https:\/\/worldskills.ro\/gastronomiesustenabila\/wp-json\/wp\/v2\/pages\/3404"}],"collection":[{"href":"https:\/\/worldskills.ro\/gastronomiesustenabila\/wp-json\/wp\/v2\/pages"}],"about":[{"href":"https:\/\/worldskills.ro\/gastronomiesustenabila\/wp-json\/wp\/v2\/types\/page"}],"author":[{"embeddable":true,"href":"https:\/\/worldskills.ro\/gastronomiesustenabila\/wp-json\/wp\/v2\/users\/3"}],"replies":[{"embeddable":true,"href":"https:\/\/worldskills.ro\/gastronomiesustenabila\/wp-json\/wp\/v2\/comments?post=3404"}],"version-history":[{"count":22,"href":"https:\/\/worldskills.ro\/gastronomiesustenabila\/wp-json\/wp\/v2\/pages\/3404\/revisions"}],"predecessor-version":[{"id":3629,"href":"https:\/\/worldskills.ro\/gastronomiesustenabila\/wp-json\/wp\/v2\/pages\/3404\/revisions\/3629"}],"wp:attachment":[{"href":"https:\/\/worldskills.ro\/gastronomiesustenabila\/wp-json\/wp\/v2\/media?parent=3404"}],"curies":[{"name":"wp","href":"https:\/\/api.w.org\/{rel}","templated":true}]}}