{"id":8,"date":"2021-10-26T12:34:13","date_gmt":"2021-10-26T12:34:13","guid":{"rendered":"https:\/\/worldskills.ro\/atlasul-profesiilor-competentelor-inverzire-urbana\/?page_id=8"},"modified":"2025-12-19T12:43:45","modified_gmt":"2025-12-19T12:43:45","slug":"homepage","status":"publish","type":"page","link":"https:\/\/worldskills.ro\/gastronomiesustenabila\/","title":{"rendered":"Homepage"},"content":{"rendered":"<p><section data-bb-version=\"4.9.1\" id=\"bt_bb_section69ed25bfe3b17\" class=\"bt_bb_section bt_bb_layout_wide bt_bb_vertical_align_top bt_bb_top_spacing_100\"  data-bt-override-class=\"null\"><div class=\"bt_bb_port\"><div class=\"bt_bb_cell\"><div class=\"bt_bb_cell_inner\"><div class=\"bt_bb_row \"  data-bt-override-class=\"{}\"><div class=\"bt_bb_row_holder\" ><div data-bb-version=\"4.9.1\"  class=\"bt_bb_column col-xxl-12 col-xl-12 col-xs-12 col-sm-12 col-md-12 col-lg-12 main-banner bt_bb_vertical_align_top bt_bb_align_left btLazyLoadBackground bt_bb_column_background_image bt_bb_padding_normal\" style=\"background-image:url(&#039;https:\/\/worldskills.ro\/gastronomiesustenabila\/wp-content\/plugins\/bold-page-builder\/img\/blank.gif&#039;);; --column-width:12;\" data-background_image_src='https:\/\/worldskills.ro\/gastronomiesustenabila\/wp-content\/uploads\/2024\/04\/2-1-1-min.png' data-width=\"12\" data-bt-override-class=\"{&quot;bt_bb_align_&quot;:{&quot;current_class&quot;:&quot;bt_bb_align_left&quot;,&quot;xxl&quot;:&quot;left&quot;}}\"><div class=\"bt_bb_column_content\"><div class=\"bt_bb_column_content_inner\"><div class=\"bt_bb_separator bt_bb_border_style_none bt_bb_top_spacing_30 bt_bb_bottom_spacing_30\" data-bt-override-class=\"null\"><\/div><div data-bb-version=\"4.9.0\" class=\" bt_bb_row_inner bt_bb_row_width_boxed_1400\"   data-bt-override-class=\"{}\"><div class=\"bt_bb_row_inner_holder\"  ><div  class=\"bt_bb_column_inner col-xxl-6 col-xl-6 col-xs-12 col-sm-6 col-md-6 col-lg-6 bt_bb_vertical_align_top bt_bb_align_left bt_bb_padding_normal\"  data-width=\"6\" data-bt-override-class=\"{}\"><div class=\"bt_bb_column_inner_content\"><div class=\"bt_bb_column_inner_content_inner\"><\/div><\/div><\/div><div  class=\"bt_bb_column_inner col-xxl-6 col-xl-6 col-xs-12 col-sm-6 col-md-6 col-lg-6 bt_bb_vertical_align_top bt_bb_align_left bt_bb_padding_normal\"  data-width=\"6\" data-bt-override-class=\"{}\"><div class=\"bt_bb_column_inner_content\"><div class=\"bt_bb_column_inner_content_inner\"><\/div><\/div><\/div><\/div><\/div><div class=\"bt_bb_separator bt_bb_border_style_none bt_bb_top_spacing_20 bt_bb_bottom_spacing_20\" data-bt-override-class=\"null\"><\/div><div data-bb-version=\"4.9.1\" class=\" bt_bb_row_inner bt_bb_row_width_boxed_1400\"   data-bt-override-class=\"{}\"><div class=\"bt_bb_row_inner_holder\"  ><div  class=\"bt_bb_column_inner col-xxl-6 col-xl-6 col-xs-12 col-sm-6 col-md-6 col-lg-6 bt_bb_vertical_align_top bt_bb_align_left bt_bb_padding_normal\"  data-width=\"6\" data-bt-override-class=\"{}\"><div class=\"bt_bb_column_inner_content\"><div class=\"bt_bb_column_inner_content_inner\"><div  class=\"bt_bb_text bt_bb_hidden_xs bt_bb_hidden_ms\" ><\/p>\n<div class=\"butoane\">\n<div class=\"download-raport\"><a class=\"\" href=\"https:\/\/worldskills.ro\/gastronomiesustenabila\/gimanziu\/\"> Descoper\u0103 programul<\/a><\/div>\n<\/div>\n<div class=\"butoane\" style=\"margin-top: 30px\">\n<div class=\"inscriete\"><a class=\"\" href=\"https:\/\/worldskills.ro\/gastronomiesustenabila\/euroskills-herning-2025\/\" target=\"_blank\" rel=\"noopener\">EuroSkills Herning 2025<\/a><\/div>\n<\/div>\n<p>\n<\/div><div data-bb-version=\"4.9.1\"  class=\"bt_bb_text bt_bb_hidden_sm bt_bb_hidden_md bt_bb_hidden_lg bt_bb_hidden_xl\" ><\/p>\n<div class=\"dmobil\"><a class=\"download-raport\" href=\"https:\/\/worldskills.ro\/gastronomiesustenabila\/program-la-clasa\/\"> Descoper\u0103 programul<\/a><\/div>\n<div class=\"imobil\">\u00a0<\/div>\n<p>\n<\/div><\/div><\/div><\/div><div  class=\"bt_bb_column_inner col-xxl-6 col-xl-6 col-xs-12 col-sm-6 col-md-6 col-lg-6 bt_bb_vertical_align_top bt_bb_align_left bt_bb_padding_normal\"  data-width=\"6\" data-bt-override-class=\"{}\"><div class=\"bt_bb_column_inner_content\"><div class=\"bt_bb_column_inner_content_inner\"><\/div><\/div><\/div><\/div><\/div><div class=\"bt_bb_separator bt_bb_border_style_none bt_bb_top_spacing_30 bt_bb_bottom_spacing_30\" data-bt-override-class=\"null\"><\/div><\/div><\/div><\/div><\/div><\/div><\/div><!-- cell_inner --><\/div><!-- cell --><\/div><!-- port --><\/section><section id=\"bt_bb_section69ed25bfe5dc5\" class=\"bt_bb_section bt_bb_layout_boxed_left_1200 bt_bb_vertical_align_top bt_bb_top_spacing_50\"  data-bt-override-class=\"null\"><div class=\"bt_bb_port\"><div class=\"bt_bb_cell\"><div class=\"bt_bb_cell_inner\"><div class=\"bt_bb_row \"  data-bt-override-class=\"{}\"><div class=\"bt_bb_row_holder\" ><div  class=\"bt_bb_column col-xxl-8 col-xl-8 col-xs-12 col-sm-12 col-md-12 col-lg-8 bt_bb_vertical_align_top bt_bb_align_left bt_bb_padding_normal\" style=\"; --column-width:8;\" data-width=\"8\" data-bt-override-class=\"{}\"><div class=\"bt_bb_column_content\"><div class=\"bt_bb_column_content_inner\"><div  class=\"bt_bb_text\" ><\/p>\n<div class=\"titlu-sectiune\">Educa\u021bie pentru Gastronomie Sustenabil\u0103<\/div>\n<hr \/>\n<p>\n<\/div><div class=\"bt_bb_separator bt_bb_border_style_none bt_bb_top_spacing_5 bt_bb_bottom_spacing_5\" data-bt-override-class=\"null\"><\/div><div  class=\"bt_bb_text\" ><\/p>\n<p><span style=\"font-weight: 400\">Proiectul <\/span><i><span style=\"font-weight: 400\">Educa\u021bie pentru Gastronomie Sustenabil\u0103 \/ Education for Sustainable Cooking<\/span><\/i><span style=\"font-weight: 400\"> este o ini\u021biativ\u0103 WorldSkills Rom\u00e2nia, derulat\u0103 cu sprijinul Funda\u021biei Carrefour din Fran\u021ba \u0219i al Carrefour Rom\u00e2nia, care se adreseaz\u0103 elevilor \u0219i profesorilor din \u00eenv\u0103\u021b\u0103m\u00e2ntul profesional \u0219i tehnic.<\/span><\/p>\n<p><b>Scopul<\/b> <b>proiectului <\/b><span style=\"font-weight: 400\">este de a crea contextul \u00een care urm\u0103toarea genera\u021bie de profesioni\u0219ti \u00een gastronomie s\u0103 fie format\u0103 dup\u0103 standardele interna\u021bionale din domeniu, \u00een acord cu principiile sustenabilit\u0103\u021bii.<\/span><\/p>\n<p><b>Obiectivul general al proiectului<\/b><span style=\"font-weight: 400\"> este de a dezvolta la nivel na\u021bional minimum 10 Centre de Excelen\u021b\u0103 \u00een domeniul gastronomiei sustenabile, \u00een cadrul liceelor de specialitate, \u00een care elevii s\u0103 poat\u0103 lucra cu profesori alinia\u021bi la standardele interna\u021bionale din domeniu, s\u0103 aib\u0103 acces la resurse pentru activit\u0103\u021bi practice de formare \u0219i curriculum aliniat la nevoile din industrie, cu focus pe dezvoltarea competen\u021belor cerute pe pia\u021ba muncii.<\/span><\/p>\n<ul>\n<li style=\"font-weight: 400\"><b><i>Grupuri \u021bint\u0103: <\/i><\/b><b>elevi <\/b><span style=\"font-weight: 400\">\u2013 13 \u2013 19 ani,<\/span> <b>profesori de gastronomie <\/b><span style=\"font-weight: 400\">din licee tehnice<\/span><\/li>\n<li style=\"font-weight: 400\"><b><i>Resurse educa\u021bionale<\/i><\/b><b>:<\/b><span style=\"font-weight: 400\"> materialele despre gastronomie sustenabil\u0103 realizate \u00een anul 1<\/span><\/li>\n<\/ul>\n<p>\n<\/div><\/div><\/div><\/div><div  class=\"bt_bb_column col-xxl-4 col-xl-4 col-xs-12 col-sm-12 col-md-12 col-lg-4 bt_bb_vertical_align_top bt_bb_align_left bt_bb_padding_normal\" style=\"; --column-width:4;\" data-width=\"4\" data-bt-override-class=\"{}\"><div class=\"bt_bb_column_content\"><div class=\"bt_bb_column_content_inner\"><div  class=\"bt_bb_text\" ><\/p>\n<p><img decoding=\"async\" loading=\"lazy\" class=\"alignnone size-full wp-image-3102\" src=\"https:\/\/worldskills.ro\/gastronomiesustenabila\/wp-content\/uploads\/2024\/04\/imagepag.png\" alt=\"\" width=\"247\" height=\"247\" srcset=\"https:\/\/worldskills.ro\/gastronomiesustenabila\/wp-content\/uploads\/2024\/04\/imagepag.png 247w, https:\/\/worldskills.ro\/gastronomiesustenabila\/wp-content\/uploads\/2024\/04\/imagepag-160x160.png 160w\" sizes=\"(max-width: 247px) 100vw, 247px\" \/><\/p>\n<p>\n<\/div><\/div><\/div><\/div><\/div><\/div><\/div><!-- cell_inner --><\/div><!-- cell --><\/div><!-- port --><\/section><section id=\"bt_bb_section69ed25bfe667c\" class=\"bt_bb_section bt_bb_layout_wide bt_bb_vertical_align_top bt_bb_top_spacing_30 bt_bb_bottom_spacing_30\" style=\";background-color:rgb(245,245,245);\" data-bt-override-class=\"null\"><div class=\"bt_bb_port\"><div class=\"bt_bb_cell\"><div class=\"bt_bb_cell_inner\"><div class=\"bt_bb_row bt_bb_row_push_right bt_bb_row_width_boxed_1200 bt_bb_row_width_boxed \"  data-bt-override-class=\"{}\"><div class=\"bt_bb_row_holder\" ><div  class=\"bt_bb_column col-xxl-6 col-xl-6 col-xs-12 col-sm-6 col-md-6 col-lg-6 bt_bb_vertical_align_top bt_bb_align_left bt_bb_padding_normal\" style=\"; --column-width:6;\" data-width=\"6\" data-bt-override-class=\"{}\"><div class=\"bt_bb_column_content\"><div class=\"bt_bb_column_content_inner\"><div  class=\"bt_bb_text\" ><\/p>\n<p><img decoding=\"async\" loading=\"lazy\" class=\"alignnone size-full wp-image-3106\" src=\"https:\/\/worldskills.ro\/gastronomiesustenabila\/wp-content\/uploads\/2024\/04\/rezultate.jpg\" alt=\"\" width=\"540\" height=\"368\" srcset=\"https:\/\/worldskills.ro\/gastronomiesustenabila\/wp-content\/uploads\/2024\/04\/rezultate.jpg 540w, https:\/\/worldskills.ro\/gastronomiesustenabila\/wp-content\/uploads\/2024\/04\/rezultate-320x218.jpg 320w\" sizes=\"(max-width: 540px) 100vw, 540px\" \/><\/p>\n<p>\n<\/div><\/div><\/div><\/div><div  class=\"bt_bb_column col-xxl-6 col-xl-6 col-xs-12 col-sm-6 col-md-6 col-lg-6 bt_bb_vertical_align_top bt_bb_align_left bt_bb_padding_normal\" style=\"; --column-width:6;\" data-width=\"6\" data-bt-override-class=\"{&quot;bt_bb_align_&quot;:{&quot;current_class&quot;:&quot;bt_bb_align_left&quot;,&quot;xxl&quot;:&quot;left&quot;,&quot;xl&quot;:&quot;left&quot;}}\"><div class=\"bt_bb_column_content\"><div class=\"bt_bb_column_content_inner\"><\/div><\/div><\/div><\/div><\/div><\/div><!-- cell_inner --><\/div><!-- cell --><\/div><!-- port --><\/section><section id=\"bt_bb_section69ed25bfe6b60\" class=\"bt_bb_section bt_bb_layout_boxed_1200 bt_bb_vertical_align_top bt_bb_top_spacing_50 bt_bb_bottom_spacing_50\" style=\";background-color:rgb(245,245,245);\" data-bt-override-class=\"null\"><div class=\"bt_bb_port\"><div class=\"bt_bb_cell\"><div class=\"bt_bb_cell_inner\"><div class=\"bt_bb_row \"  data-bt-override-class=\"{}\"><div class=\"bt_bb_row_holder\" ><div  class=\"bt_bb_column col-xxl-12 col-xl-12 col-xs-12 col-sm-12 col-md-12 col-lg-12 bt_bb_vertical_align_top bt_bb_align_left bt_bb_padding_normal\" style=\"; --column-width:12;\" data-width=\"12\" data-bt-override-class=\"{}\"><div class=\"bt_bb_column_content\"><div class=\"bt_bb_column_content_inner\"><div class=\" bt_bb_row_inner\"   data-bt-override-class=\"{}\"><div class=\"bt_bb_row_inner_holder\"  ><div  class=\"bt_bb_column_inner col-xxl-12 col-xl-12 col-xs-12 col-sm-12 col-md-12 col-lg-12 bt_bb_vertical_align_top bt_bb_align_left bt_bb_padding_normal\"  data-width=\"12\" data-bt-override-class=\"{}\"><div class=\"bt_bb_column_inner_content\"><div class=\"bt_bb_column_inner_content_inner\"><div  class=\"bt_bb_text bt_bb_hidden_xs bt_bb_hidden_ms\" ><\/p>\n<div class=\"butoanejos\"><a class=\"download-raport\" href=\"\/gastronomiesustenabila\/program-la-clasa\/\"> Descoper\u0103 programul<\/a><a class=\"inscriete\" href=\"https:\/\/euroskills2025.com\/\" target=\"_blank\" rel=\"noopener\"> EuroSkills Herning 2025<\/a><\/div>\n<p>\n<\/div><div  class=\"bt_bb_text bt_bb_hidden_sm bt_bb_hidden_md bt_bb_hidden_lg\" ><\/p>\n<div class=\"dmobil\"><a class=\"download-raport\" href=\"\/gastronomiesustenabila\/program-la-clasa\/\"> Descoper\u0103 programul<\/a><\/div>\n<div class=\"imobil\"><a class=\"inscriete\" href=\"https:\/\/docs.google.com\/forms\/d\/e\/1FAIpQLSdT9zbw6Xmq8Lzx1_oA8yqtddPoo6bGb3P_vOQJKyYGZQq0HQ\/viewform\" target=\"_blank\" rel=\"noopener\"> Vreau sa m\u0103 \u00eenscriu!<\/a><\/div>\n<p>\n<\/div><\/div><\/div><\/div><\/div><\/div><\/div><\/div><\/div><\/div><\/div><\/div><!-- cell_inner --><\/div><!-- cell --><\/div><!-- port --><\/section><\/p>\n","protected":false},"excerpt":{"rendered":"","protected":false},"author":1,"featured_media":0,"parent":0,"menu_order":0,"comment_status":"closed","ping_status":"closed","template":"","meta":[],"yoast_head":"<!-- This site is optimized with the Yoast SEO plugin v21.1 - https:\/\/yoast.com\/wordpress\/plugins\/seo\/ -->\n<title>Homepage - Gastronomie sustenabil\u0103<\/title>\n<meta name=\"robots\" content=\"index, follow, max-snippet:-1, max-image-preview:large, max-video-preview:-1\" \/>\n<link rel=\"canonical\" href=\"https:\/\/worldskills.ro\/gastronomiesustenabila\/\" \/>\n<meta property=\"og:locale\" content=\"en_US\" \/>\n<meta property=\"og:type\" content=\"article\" \/>\n<meta property=\"og:title\" content=\"Homepage - Gastronomie sustenabil\u0103\" \/>\n<meta property=\"og:url\" content=\"https:\/\/worldskills.ro\/gastronomiesustenabila\/\" \/>\n<meta property=\"og:site_name\" content=\"Gastronomie sustenabil\u0103\" \/>\n<meta property=\"article:modified_time\" content=\"2025-12-19T12:43:45+00:00\" \/>\n<meta property=\"og:image\" content=\"https:\/\/worldskills.ro\/gastronomiesustenabila\/wp-content\/uploads\/2024\/04\/imagepag.png\" \/>\n<meta name=\"twitter:card\" content=\"summary_large_image\" \/>\n<meta name=\"twitter:label1\" content=\"Est. reading time\" \/>\n\t<meta name=\"twitter:data1\" content=\"4 minutes\" \/>\n<script type=\"application\/ld+json\" class=\"yoast-schema-graph\">{\"@context\":\"https:\/\/schema.org\",\"@graph\":[{\"@type\":\"WebPage\",\"@id\":\"https:\/\/worldskills.ro\/gastronomiesustenabila\/\",\"url\":\"https:\/\/worldskills.ro\/gastronomiesustenabila\/\",\"name\":\"Homepage - Gastronomie sustenabil\u0103\",\"isPartOf\":{\"@id\":\"https:\/\/worldskills.ro\/gastronomiesustenabila\/#website\"},\"datePublished\":\"2021-10-26T12:34:13+00:00\",\"dateModified\":\"2025-12-19T12:43:45+00:00\",\"breadcrumb\":{\"@id\":\"https:\/\/worldskills.ro\/gastronomiesustenabila\/#breadcrumb\"},\"inLanguage\":\"en-US\",\"potentialAction\":[{\"@type\":\"ReadAction\",\"target\":[\"https:\/\/worldskills.ro\/gastronomiesustenabila\/\"]}]},{\"@type\":\"BreadcrumbList\",\"@id\":\"https:\/\/worldskills.ro\/gastronomiesustenabila\/#breadcrumb\",\"itemListElement\":[{\"@type\":\"ListItem\",\"position\":1,\"name\":\"Home\",\"item\":\"https:\/\/worldskills.ro\/gastronomiesustenabila\/\"},{\"@type\":\"ListItem\",\"position\":2,\"name\":\"Homepage\"}]},{\"@type\":\"WebSite\",\"@id\":\"https:\/\/worldskills.ro\/gastronomiesustenabila\/#website\",\"url\":\"https:\/\/worldskills.ro\/gastronomiesustenabila\/\",\"name\":\"Gastronomie sustenabil\u0103\",\"description\":\"\",\"potentialAction\":[{\"@type\":\"SearchAction\",\"target\":{\"@type\":\"EntryPoint\",\"urlTemplate\":\"https:\/\/worldskills.ro\/gastronomiesustenabila\/?s={search_term_string}\"},\"query-input\":\"required name=search_term_string\"}],\"inLanguage\":\"en-US\"}]}<\/script>\n<!-- \/ Yoast SEO plugin. -->","yoast_head_json":{"title":"Homepage - Gastronomie sustenabil\u0103","robots":{"index":"index","follow":"follow","max-snippet":"max-snippet:-1","max-image-preview":"max-image-preview:large","max-video-preview":"max-video-preview:-1"},"canonical":"https:\/\/worldskills.ro\/gastronomiesustenabila\/","og_locale":"en_US","og_type":"article","og_title":"Homepage - Gastronomie sustenabil\u0103","og_url":"https:\/\/worldskills.ro\/gastronomiesustenabila\/","og_site_name":"Gastronomie sustenabil\u0103","article_modified_time":"2025-12-19T12:43:45+00:00","og_image":[{"url":"https:\/\/worldskills.ro\/gastronomiesustenabila\/wp-content\/uploads\/2024\/04\/imagepag.png"}],"twitter_card":"summary_large_image","twitter_misc":{"Est. reading time":"4 minutes"},"schema":{"@context":"https:\/\/schema.org","@graph":[{"@type":"WebPage","@id":"https:\/\/worldskills.ro\/gastronomiesustenabila\/","url":"https:\/\/worldskills.ro\/gastronomiesustenabila\/","name":"Homepage - Gastronomie sustenabil\u0103","isPartOf":{"@id":"https:\/\/worldskills.ro\/gastronomiesustenabila\/#website"},"datePublished":"2021-10-26T12:34:13+00:00","dateModified":"2025-12-19T12:43:45+00:00","breadcrumb":{"@id":"https:\/\/worldskills.ro\/gastronomiesustenabila\/#breadcrumb"},"inLanguage":"en-US","potentialAction":[{"@type":"ReadAction","target":["https:\/\/worldskills.ro\/gastronomiesustenabila\/"]}]},{"@type":"BreadcrumbList","@id":"https:\/\/worldskills.ro\/gastronomiesustenabila\/#breadcrumb","itemListElement":[{"@type":"ListItem","position":1,"name":"Home","item":"https:\/\/worldskills.ro\/gastronomiesustenabila\/"},{"@type":"ListItem","position":2,"name":"Homepage"}]},{"@type":"WebSite","@id":"https:\/\/worldskills.ro\/gastronomiesustenabila\/#website","url":"https:\/\/worldskills.ro\/gastronomiesustenabila\/","name":"Gastronomie sustenabil\u0103","description":"","potentialAction":[{"@type":"SearchAction","target":{"@type":"EntryPoint","urlTemplate":"https:\/\/worldskills.ro\/gastronomiesustenabila\/?s={search_term_string}"},"query-input":"required name=search_term_string"}],"inLanguage":"en-US"}]}},"_links":{"self":[{"href":"https:\/\/worldskills.ro\/gastronomiesustenabila\/wp-json\/wp\/v2\/pages\/8"}],"collection":[{"href":"https:\/\/worldskills.ro\/gastronomiesustenabila\/wp-json\/wp\/v2\/pages"}],"about":[{"href":"https:\/\/worldskills.ro\/gastronomiesustenabila\/wp-json\/wp\/v2\/types\/page"}],"author":[{"embeddable":true,"href":"https:\/\/worldskills.ro\/gastronomiesustenabila\/wp-json\/wp\/v2\/users\/1"}],"replies":[{"embeddable":true,"href":"https:\/\/worldskills.ro\/gastronomiesustenabila\/wp-json\/wp\/v2\/comments?post=8"}],"version-history":[{"count":123,"href":"https:\/\/worldskills.ro\/gastronomiesustenabila\/wp-json\/wp\/v2\/pages\/8\/revisions"}],"predecessor-version":[{"id":3647,"href":"https:\/\/worldskills.ro\/gastronomiesustenabila\/wp-json\/wp\/v2\/pages\/8\/revisions\/3647"}],"wp:attachment":[{"href":"https:\/\/worldskills.ro\/gastronomiesustenabila\/wp-json\/wp\/v2\/media?parent=8"}],"curies":[{"name":"wp","href":"https:\/\/api.w.org\/{rel}","templated":true}]}}